{"id":3190,"date":"2026-03-13T00:02:14","date_gmt":"2026-03-13T00:02:14","guid":{"rendered":"https:\/\/gucy.robot-tonde-aspir.ch\/?post_type=product&#038;p=3190"},"modified":"2026-03-13T00:02:20","modified_gmt":"2026-03-13T00:02:20","slug":"tondeuse-thermique-rm-453-v-stihl-rm453-v","status":"publish","type":"product","link":"https:\/\/robottond-autoporte.ch\/de\/produkt\/tondeuse-thermique-rm-453-v-stihl-rm453-v\/","title":{"rendered":"Tondeuse thermique RM 453 V \u2013 Stihl RM453 V"},"content":{"rendered":"<div id=\"en_details\" class=\"elementor-element elementor-element-a1a88b7 elementor-widget elementor-widget-heading\" data-id=\"a1a88b7\" data-element_type=\"widget\" data-widget_type=\"heading.default\">\n<div class=\"elementor-widget-container\">\n<p class=\"elementor-heading-title elementor-size-default\">Plus de d\u00e9tails<\/p>\n<\/div>\n<\/div>\n<div class=\"elementor-element elementor-element-664a01d elementor-widget elementor-widget-woocommerce-product-content\" data-id=\"664a01d\" data-element_type=\"widget\" data-widget_type=\"woocommerce-product-content.default\">\n<div class=\"elementor-widget-container\">\n<p data-pm-slice=\"1 1 []\">D\u00e9couvrez la\u00a0<strong>tondeuse thermique Stihl RM 453 V<\/strong>, un concentr\u00e9 de puissance et de technologie con\u00e7u pour les particuliers exigeants et les professionnels de l\u2019entretien des espaces verts. Cette machine, alliant performance, confort d\u2019utilisation et durabilit\u00e9, vous garantit une tonte parfaite, m\u00eame sur les terrains les plus complexes.<\/p>\n<h2 data-pm-slice=\"1 1 []\">Tondeuse Thermique RM 453 V de Stihl : Performance et Robustesse pour un Jardin Impeccable<\/h2>\n<p data-sourcepos=\"9:1-9:455\">La\u00a0<strong>Tondeuse RM 453 V de Stihl<\/strong>\u00a0est \u00e9quip\u00e9e d\u2019un moteur puissant (cylindr\u00e9e de 166 cm\u00b3) qui lui conf\u00e8re une force de coupe exceptionnelle. Ainsi, elle vient \u00e0 bout des herbes hautes et denses sans broncher. De plus, sa grande largeur de coupe (51 cm) vous permet de couvrir de larges surfaces en un temps record. Gr\u00e2ce \u00e0 son syst\u00e8me de traction Vario, vous adaptez la vitesse de la machine \u00e0 votre rythme et au terrain, pour un confort de tonte optimal.<\/p>\n<p><strong>Avantages cl\u00e9s<\/strong>\u00a0:<\/p>\n<ul data-sourcepos=\"12:5-17:0\">\n<li data-sourcepos=\"12:5-12:66\"><strong>Moteur thermique puissant<\/strong>\u00a0(166 cm\u00b3) pour une tonte efficace.<\/li>\n<li data-sourcepos=\"13:5-13:64\"><strong>Largeur de coupe g\u00e9n\u00e9reuse<\/strong>\u00a0(51 cm) pour un travail rapide.<\/li>\n<li data-sourcepos=\"14:5-14:65\"><strong>Traction Vario<\/strong>\u00a0pour une adaptation parfaite \u00e0 votre rythme.<\/li>\n<li data-sourcepos=\"15:5-15:75\"><strong>R\u00e9glage centralis\u00e9 de la hauteur de coupe<\/strong>\u00a0(7 positions de 20 \u00e0 100mm)<\/li>\n<li data-sourcepos=\"16:5-17:0\"><strong>Capacit\u00e9 du bac de ramassage<\/strong>\u00a0de 55 litres.<\/li>\n<\/ul>\n<h3 data-sourcepos=\"18:1-18:75\">Ergonomie, S\u00e9curit\u00e9 et Entretien : Un Confort d\u2019Utilisation Optimal<\/h3>\n<p data-sourcepos=\"20:1-20:378\">La\u00a0<strong>tondeuse Stihl RM 453V<\/strong>\u00a0a \u00e9t\u00e9 con\u00e7ue pour vous offrir une exp\u00e9rience de tonte agr\u00e9able et s\u00e9curis\u00e9e. Son guidon ergonomique, r\u00e9glable en hauteur, s\u2019adapte \u00e0 votre morphologie. De plus, son syst\u00e8me anti-vibrations r\u00e9duit la fatigue, m\u00eame lors d\u2019utilisations prolong\u00e9es. La s\u00e9curit\u00e9 est \u00e9galement au rendez-vous gr\u00e2ce \u00e0 son frein moteur et \u00e0 son syst\u00e8me de d\u00e9marrage facile.<\/p>\n<p><strong>Entretien et rangement simplifi\u00e9s<\/strong>\u00a0:<\/p>\n<ul data-sourcepos=\"23:5-27:0\">\n<li data-sourcepos=\"23:5-23:40\"><strong>Carter de coupe en polym\u00e8re<\/strong>\u00a0r\u00e9sistant aux UV et facile \u00e0 nettoyer.<\/li>\n<li data-sourcepos=\"24:5-24:49\"><strong>Guidon repliable<\/strong>\u00a0pour un rangement compact.<\/li>\n<li data-sourcepos=\"25:5-25:45\">Roues l\u00e9g\u00e8res pour un d\u00e9placement ais\u00e9.<\/li>\n<li data-sourcepos=\"26:5-27:0\">Syst\u00e8me de\u00a0<strong>mulching int\u00e9gr\u00e9<\/strong>.<\/li>\n<\/ul>\n<h3 data-sourcepos=\"28:1-28:59\">Stihl : Une Marque de Confiance, un Service In\u00e9gal\u00e9<\/h3>\n<p data-sourcepos=\"30:1-30:419\">En choisissant la\u00a0<strong>Stihl RM453<\/strong>, vous optez pour la qualit\u00e9 et la fiabilit\u00e9 d\u2019une marque reconnue mondialement. Stihl, c\u2019est un r\u00e9seau de revendeurs agr\u00e9\u00e9s qui vous garantit un service apr\u00e8s-vente de proximit\u00e9, des conseils personnalis\u00e9s et une disponibilit\u00e9 des pi\u00e8ces d\u00e9tach\u00e9es sur le long terme. De plus, l\u2019indice de r\u00e9parabilit\u00e9 \u00e9lev\u00e9 de cette machine t\u00e9moigne de l\u2019engagement de Stihl en faveur de la durabilit\u00e9.<\/p>\n<p><strong>Garantie 2 ans<\/strong>\u00a0:<\/p>\n<ul data-sourcepos=\"33:5-34:0\">\n<li data-sourcepos=\"33:5-34:0\">La\u00a0<strong>Tondeuse thermique RM453v<\/strong>\u00a0b\u00e9n\u00e9ficie d\u2019une garantie de 2 ans, vous assurant une tranquillit\u00e9 d\u2019esprit totale.<\/li>\n<\/ul>\n<p data-sourcepos=\"35:1-35:113\">N\u2019attendez plus pour offrir \u00e0 votre jardin le soin qu\u2019il m\u00e9rite. Avec la\u00a0<strong>RM 453<\/strong>, la tonte devient un plaisir.<\/p>\n<\/div>\n<\/div>","protected":false},"excerpt":{"rendered":"<p>La tondeuse thermique Stihl RM 453 V est un mod\u00e8le autotract\u00e9 puissant pour les jardins de taille moyenne \u00e0 grande. Son moteur Stihl EVC 300 de 166 cm\u00b3 offre une largeur de coupe de 51 cm, tandis que le syst\u00e8me Vario permet un r\u00e9glage continu de la vitesse pour s\u2019adapter \u00e0 votre rythme. La hauteur de coupe est r\u00e9glable de 20 \u00e0 100 mm et le bac de ramassage a une capacit\u00e9 de 55 litres, offrant une grande polyvalence pour l\u2019entretien de votre pelouse.<\/p>","protected":false},"featured_media":3207,"comment_status":"closed","ping_status":"closed","template":"","meta":[],"product_brand":[46],"product_cat":[48],"product_tag":[],"class_list":{"0":"post-3190","1":"product","2":"type-product","3":"status-publish","4":"has-post-thumbnail","6":"product_brand-stihl","7":"product_cat-tondeuses-thermiques","9":"first","10":"instock","11":"taxable","12":"shipping-taxable","13":"purchasable","14":"product-type-simple"},"_links":{"self":[{"href":"https:\/\/robottond-autoporte.ch\/de\/wp-json\/wp\/v2\/product\/3190","targetHints":{"allow":["GET"]}}],"collection":[{"href":"https:\/\/robottond-autoporte.ch\/de\/wp-json\/wp\/v2\/product"}],"about":[{"href":"https:\/\/robottond-autoporte.ch\/de\/wp-json\/wp\/v2\/types\/product"}],"replies":[{"embeddable":true,"href":"https:\/\/robottond-autoporte.ch\/de\/wp-json\/wp\/v2\/comments?post=3190"}],"wp:featuredmedia":[{"embeddable":true,"href":"https:\/\/robottond-autoporte.ch\/de\/wp-json\/wp\/v2\/media\/3207"}],"wp:attachment":[{"href":"https:\/\/robottond-autoporte.ch\/de\/wp-json\/wp\/v2\/media?parent=3190"}],"wp:term":[{"taxonomy":"product_brand","embeddable":true,"href":"https:\/\/robottond-autoporte.ch\/de\/wp-json\/wp\/v2\/product_brand?post=3190"},{"taxonomy":"product_cat","embeddable":true,"href":"https:\/\/robottond-autoporte.ch\/de\/wp-json\/wp\/v2\/product_cat?post=3190"},{"taxonomy":"product_tag","embeddable":true,"href":"https:\/\/robottond-autoporte.ch\/de\/wp-json\/wp\/v2\/product_tag?post=3190"}],"curies":[{"name":"wp","href":"https:\/\/api.w.org\/{rel}","templated":true}]}}