{"id":3187,"date":"2026-03-13T00:02:14","date_gmt":"2026-03-13T00:02:14","guid":{"rendered":"https:\/\/gucy.robot-tonde-aspir.ch\/?post_type=product&#038;p=3187"},"modified":"2026-03-13T00:02:19","modified_gmt":"2026-03-13T00:02:19","slug":"tondeuse-thermique-autotractee-hyundai","status":"publish","type":"product","link":"https:\/\/robottond-autoporte.ch\/de\/produkt\/tondeuse-thermique-autotractee-hyundai\/","title":{"rendered":"Tondeuse thermique autotract\u00e9e HYUNDAI"},"content":{"rendered":"<p>Informations g\u00e9n\u00e9rales sur le produit Marque HYUNDAI Nom du produit Tondeuse thermique autotract\u00e9e HYUNDAI \u2013 56 cm \u2013 Cat\u00e9gorie TONDEUSE R\u00e9f\u00e9rence HTDT561ES G\u00e9n\u00e9ral Type de Produit Tondeuse thermique Description du produit Pour une coupe parfaite de votre gazon sans effort ni fatigue : le tondeuse thermique HTDT561ES-A Hyundai avec d\u00e9marrage \u00e9lectrique<br \/>\nPour tondre la pelouse sans se soucier de la superficie du jardin, faites confiance \u00e0 la puissance du moteur thermique d\u2019une tondeuse Hyundai !<br \/>\nSimples \u00e0 utiliser, simples \u00e0 entretenir, efficaces, d\u00e9couvrez les performances de nos puissants mod\u00e8les thermiques<br \/>\nId\u00e9al pour l\u2019entretien des jardins d\u2019une superficie allant jusqu\u2019\u00e0 2200m\u00b2, ce mod\u00e8le thermique HTDT561ES-A a \u00e9t\u00e9 sp\u00e9cialement con\u00e7u pour entretenir efficacement le gazon de vos espaces-verts.<br \/>\nSa roue unique \u00e0 l\u2019avant est pivotante, extr\u00eamement pratique pour tondre sur tout terrain et pour p\u00e9n\u00e9trer les herbes hautes ou humides, contourner un obstacle\u2026ou pour faire simplement demi-tour !<br \/>\nSon pivot peut \u00eatre bloqu\u00e9 dans l\u2019axe afin de donner \u00e0 la tondeuse \u00e0 gazon la stabilit\u00e9 directionnelle qui permet de faire des passages droits et r\u00e9guliers.<br \/>\nLa stabilit\u00e9 est assur\u00e9e par les 2 grandes roues \u00e0 l\u2019arri\u00e8re.<br \/>\nMais la HTDT561ES-A est \u00e9galement \u00e9quip\u00e9e d\u2019un d\u00e9marrage \u00e9lectrique. Enclenchez, et tondez sans vous fatiguer ni perdre de temps !<br \/>\nAvec une large taille de coupe de 55 centim\u00e8tres, offrez \u00e0 votre jardin une tonte impeccable et pr\u00e9cise de votre gazon, m\u00eame lorsque l\u2019herbe est haute.<br \/>\nVous choisissez votre hauteur de coupe parmi les 6 positions propos\u00e9es et adapt\u00e9es aux diff\u00e9rents profils d\u2019utilisateurs<br \/>\nAvec son puissant moteur 4T la tondeuse thermique HTDT561ES-A Hyundai r\u00e9alise des performances tr\u00e8s convaincantes sur les grands jardins.<br \/>\nSon carter de coupe en acier prot\u00e8ge efficacement et durablement la lame de votre tondeuse.<br \/>\nEnfin, son syst\u00e8me d\u2019\u00e9jection arri\u00e8re va vous simplifier la vie si vous souhaitez r\u00e9aliser des tontes rapides et efficaces.<br \/>\nAutre avantage, la fonction mulching qui peut hacher menu l\u2019herbe que vous venez de tondre. L\u2019herbe hach\u00e9e est un engrais naturel.<br \/>\nPratique, puisque le gazon est laiss\u00e9 sur place, \u00e9cologique et\u2026\u00e9conomique!<br \/>\nUn bac de ramassage d\u2019une contenance de 65 litres a \u00e9t\u00e9 pr\u00e9vu si vous souhaitez une finition parfaite.<br \/>\nSemi-rigide, il r\u00e9siste \u00e0 l\u2019usure et il est beaucoup plus simple \u00e0 vidanger.<br \/>\nHyundai a \u00e9galement \u00e9quip\u00e9 la HTDT561ES-A d\u2019un guidon soft-grip afin d\u2019offrir un grand confort d\u2019utilisation<br \/>\nEmbellissez votre jardin et prot\u00e9gez la nature! Mod\u00e8les Tondeuse thermique Type d\u2019outil Motoris\u00e9 Couleur(s) Bleu et noir Fonction du produit Entretenir le gazon Plus produit Ergonomie gr\u00e2ce au r\u00e9glage de la hauteur de travail, parfait pour un usage intensif de la tondeuse. Grand confort d\u2019utilisation, avec 6 r\u00e9glages pr\u00e9d\u00e9finis de hauteur de coupe (25-75 mm). Puissante et performante, sa cylindr\u00e9e de 196 cm\u00b3 vous assure une coupe parfaite \u00e0 chaque tonte. La fonction mulching vous permet de produire votre propre engrais. Ecologique et \u00e9conomique! Dimensions et poids Dimensions 82 x 60 x 43.7 Poids 38.4 Caract\u00e9ristiques de la tondeuse Surface du jardin 2200 m\u00b2 Type de propulsion Autotract\u00e9e Mati\u00e8re du carter Acier Type d\u2019\u00e9jection \u00c9jection arri\u00e8re<br \/>\n\u00c9jection lat\u00e9rale<br \/>\n\u00c9jection Mulching Guidon Soft grip Largeur de coupe 56 cm Hauteur de coupe maximum 75 mm Caract\u00e9ristiques de l\u2019aspirateur \/ souffleur Fonctions Broyeur Sp\u00e9cificit\u00e9s moteur Type de motorisation Thermique Motorisation 4 temps Puissance du moteur en W 3500 W Cylindr\u00e9e 196 cm3 Niveau sonore 98 dB D\u00e9marrage Electrique D\u00e9tail de l\u2019\u00e9quipement Bac de ramassage 65L Divers Pays d\u2019origine France Dimensions colis Dimensions brutes \u2013 article emball\u00e9 (L x l x H) 82 x 60 x 43.7 Poids emball\u00e9 42.4 Vos garanties incluses Garantie (\u00b2) 2 ans Garantie additionnelle Garantie fournisseur : 1 an \u2013 Pi\u00e8ces Observations Dans le cas o\u00f9 une garantie commerciale est propos\u00e9e par le vendeur, celle-ci ne fait pas obstacle \u00e0<br \/>\nl\u2019application de la garantie l\u00e9gale de conformit\u00e9 et\/ou \u00e0 la garantie des vices cach\u00e9s. Voir<br \/>\nconditions de cette garantie commerciale dans les CGV du vendeur et\/ou dans les CGU Marketplace dur\u00e9e de disponibilit\u00e9 des pi\u00e8ces d\u00e9tach\u00e9es essentielles \u00e0 l\u2019utilisation du produit 5 ans<\/p>","protected":false},"excerpt":{"rendered":"<div class=\"woocommerce-product-details__short-description\">\n<div class=\"woocommerce-product-details__short-description\">\n<p>Tondeuse thermique autotract\u00e9e, id\u00e9ale pour les jardins d\u2019une superficie allant jusqu\u2019\u00e0 2200 m\u00b2D\u2019une grande facilit\u00e9 d\u2019utilisation, l\u2019entretenir de la pelouse n\u2019est plus une corv\u00e9e mais un plaisir!Puissante et performante, sa cylindr\u00e9e de 196 cm\u00b3 vous assure une coupe parfaite \u00e0 chaque tonteVous r\u00e9glez la hauteur de coupe gr\u00e2ce aux 6 positions pr\u00e9d\u00e9finies. Fonction mulching.<\/p>\n<\/div>\n<form class=\"cart\" action=\"https:\/\/www.tondeusesenpromo.com\/produit\/tondeuse-thermique-autotractee-hyundai-56-cm-3-roues-196-cc-demarrage-electrique-mulching\/\" enctype=\"multipart\/form-data\" method=\"post\">\n<div class=\"quantity\"><\/div>\n<\/form>\n<\/div>\n<form class=\"cart\" action=\"https:\/\/vert-fleur.com\/index.php\/produit\/tondeuse-thermique-autotractee-hyundai-56-cm-3-roues-196-cc-demarrage-electrique-mulching\/\" enctype=\"multipart\/form-data\" method=\"post\">\n<div class=\"quantity\"><\/div>\n<\/form>","protected":false},"featured_media":3204,"comment_status":"closed","ping_status":"closed","template":"","meta":[],"product_brand":[],"product_cat":[48],"product_tag":[],"class_list":{"0":"post-3187","1":"product","2":"type-product","3":"status-publish","4":"has-post-thumbnail","6":"product_cat-tondeuses-thermiques","8":"first","9":"instock","10":"taxable","11":"shipping-taxable","12":"purchasable","13":"product-type-simple"},"_links":{"self":[{"href":"https:\/\/robottond-autoporte.ch\/de\/wp-json\/wp\/v2\/product\/3187","targetHints":{"allow":["GET"]}}],"collection":[{"href":"https:\/\/robottond-autoporte.ch\/de\/wp-json\/wp\/v2\/product"}],"about":[{"href":"https:\/\/robottond-autoporte.ch\/de\/wp-json\/wp\/v2\/types\/product"}],"replies":[{"embeddable":true,"href":"https:\/\/robottond-autoporte.ch\/de\/wp-json\/wp\/v2\/comments?post=3187"}],"wp:featuredmedia":[{"embeddable":true,"href":"https:\/\/robottond-autoporte.ch\/de\/wp-json\/wp\/v2\/media\/3204"}],"wp:attachment":[{"href":"https:\/\/robottond-autoporte.ch\/de\/wp-json\/wp\/v2\/media?parent=3187"}],"wp:term":[{"taxonomy":"product_brand","embeddable":true,"href":"https:\/\/robottond-autoporte.ch\/de\/wp-json\/wp\/v2\/product_brand?post=3187"},{"taxonomy":"product_cat","embeddable":true,"href":"https:\/\/robottond-autoporte.ch\/de\/wp-json\/wp\/v2\/product_cat?post=3187"},{"taxonomy":"product_tag","embeddable":true,"href":"https:\/\/robottond-autoporte.ch\/de\/wp-json\/wp\/v2\/product_tag?post=3187"}],"curies":[{"name":"wp","href":"https:\/\/api.w.org\/{rel}","templated":true}]}}