{"id":3113,"date":"2026-03-12T23:59:56","date_gmt":"2026-03-12T23:59:56","guid":{"rendered":"https:\/\/gucy.robot-tonde-aspir.ch\/?post_type=product&#038;p=3113"},"modified":"2026-03-13T00:00:18","modified_gmt":"2026-03-13T00:00:18","slug":"tracteur-john-deere-x167r","status":"publish","type":"product","link":"https:\/\/robottond-autoporte.ch\/de\/produkt\/tracteur-john-deere-x167r\/","title":{"rendered":"Tracteur John Deere X167R"},"content":{"rendered":"<p>Le nouveau tracteur de jardin X167R \u00e9volue encore par rapport aux versions pr\u00e9c\u00e9dentes. Parmi les am\u00e9liorations, un nouveau si\u00e8ge ajour\u00e9 plus confortable, un design revu avec une protection frontale et un moteur plus puissant.<\/p>\n<p>Ce concept a fait ses preuves tant au niveau de sa fiabilit\u00e9, de sa durabilit\u00e9 et de sa puissance. Le ch\u00e2ssis est en acier soud\u00e9 et son pont avant en fonte. Dot\u00e9 d&rsquo;un carter de coupe \u00e0 forte ventilation et d&rsquo;un ramassage centralis\u00e9 \u00e0 l&rsquo;arri\u00e8re, il permet d&rsquo;obtenir une qualit\u00e9 de coupe et un ramassage parfaits.<\/p>\n<p>Par ailleurs, il est tr\u00e8s facile \u00e0 utiliser, gr\u00e2ce \u00e0 son poste de conduite ergonomique, sa transmission automatique qui offre un choix infini de vitesses de d\u00e9placement. L&rsquo;\u00e9clairage avant est assur\u00e9 par des phares de qualit\u00e9.<\/p>\n<p>Simplicit\u00e9 d&rsquo;utilisation. Simplicit\u00e9 d&rsquo;entretien.<\/p>\n<p>&nbsp;<\/p>","protected":false},"excerpt":{"rendered":"<p>Caract\u00e9ristiques :<\/p>\n<p>Surface de tonte recommand\u00e9e jusqu&rsquo;\u00e0 6 000 m\u00b2<br \/>\nLargeur de coupe 107 cm<br \/>\nPuissance moteur 12,6 kW (16,9 CV) \u00e0 3 050 tr\/min<br \/>\nVitesse jusqu&rsquo;\u00e0 9 km\/h<\/p>","protected":false},"featured_media":3144,"comment_status":"closed","ping_status":"closed","template":"","meta":[],"product_brand":[36],"product_cat":[50],"product_tag":[],"class_list":{"0":"post-3113","1":"product","2":"type-product","3":"status-publish","4":"has-post-thumbnail","6":"product_brand-john","7":"product_cat-autoportees","9":"first","10":"instock","11":"taxable","12":"shipping-taxable","13":"purchasable","14":"product-type-simple"},"_links":{"self":[{"href":"https:\/\/robottond-autoporte.ch\/de\/wp-json\/wp\/v2\/product\/3113","targetHints":{"allow":["GET"]}}],"collection":[{"href":"https:\/\/robottond-autoporte.ch\/de\/wp-json\/wp\/v2\/product"}],"about":[{"href":"https:\/\/robottond-autoporte.ch\/de\/wp-json\/wp\/v2\/types\/product"}],"replies":[{"embeddable":true,"href":"https:\/\/robottond-autoporte.ch\/de\/wp-json\/wp\/v2\/comments?post=3113"}],"wp:featuredmedia":[{"embeddable":true,"href":"https:\/\/robottond-autoporte.ch\/de\/wp-json\/wp\/v2\/media\/3144"}],"wp:attachment":[{"href":"https:\/\/robottond-autoporte.ch\/de\/wp-json\/wp\/v2\/media?parent=3113"}],"wp:term":[{"taxonomy":"product_brand","embeddable":true,"href":"https:\/\/robottond-autoporte.ch\/de\/wp-json\/wp\/v2\/product_brand?post=3113"},{"taxonomy":"product_cat","embeddable":true,"href":"https:\/\/robottond-autoporte.ch\/de\/wp-json\/wp\/v2\/product_cat?post=3113"},{"taxonomy":"product_tag","embeddable":true,"href":"https:\/\/robottond-autoporte.ch\/de\/wp-json\/wp\/v2\/product_tag?post=3113"}],"curies":[{"name":"wp","href":"https:\/\/api.w.org\/{rel}","templated":true}]}}