{"id":3015,"date":"2026-03-12T23:57:57","date_gmt":"2026-03-12T23:57:57","guid":{"rendered":"https:\/\/gucy.robot-tonde-aspir.ch\/?post_type=product&#038;p=3015"},"modified":"2026-03-12T23:59:57","modified_gmt":"2026-03-12T23:59:57","slug":"husqvarna-tc242t","status":"publish","type":"product","link":"https:\/\/robottond-autoporte.ch\/de\/produkt\/husqvarna-tc242t\/","title":{"rendered":"HUSQVARNA TC242T"},"content":{"rendered":"<p>La tondeuse autoport\u00e9e HUSQVARNA TC 242 T fable couplet de la dramatique de tracteurs tondeuses \u00e0 bac apr\u00e8s HUSQVARNA TC \u00e9cho 200. Cette tondeuse \u00e0 un carter de coupure de 108 cm et un instigateur bi-quatuor Briggs &amp; Stratton Intek. Le tracteur de fourrage TC242 est fortifi\u00e9 de 2 lames bifonctontions.<\/p>\n<p><b>Avantages produits :<\/b><\/p>\n<p>Autoport\u00e9e puissante<br \/>\nEquip\u00e9e d`un bac de grappillage de 320 L<br \/>\nEmbrayage des lames manuel<br \/>\nDeux lames Husqvarna Bifonction : Ramassage &amp; broyage<br \/>\nCarter de c\u00e9sure gr\u00e9\u00e9 de 4 roulettes<br \/>\nEssieu entr\u00e9e en Fonte<br \/>\n\u00c9quip\u00e9e de phares<br \/>\nKit Mulching: Inclus<\/p>\n<p><b>Caract\u00e9ristiques techniques :<\/b><\/p>\n<p>Tondeuse Autoport\u00e9e HUSQVARNA TC 242 T<br \/>\nTondeuse Tracteur Husqvarna TC 242 T en 108 cm<br \/>\nS\u00e9rie 200<br \/>\nMoteur 4 r\u00e8gne fonctionnant \u00e0 l`essence<br \/>\nMoteur Briggs &amp; Stratton Intek<br \/>\nCylindr\u00e9e : 656 cm3 ; Moteur bi-cylindres<br \/>\nPuissance : 11.1 kW ; 15.08 Cv<br \/>\nLargeur de c\u00e9sure de la tondeuse : 108 cm<br \/>\nTransmission hydrostatique au pied<br \/>\n6 positions de c\u00e9sure : 38-102 cm<\/p>\n<p><strong>Garantie constructeur 2 ans<\/strong><\/p>","protected":false},"excerpt":{"rendered":"<p>La tondeuse autoport\u00e9e HUSQVARNA TC 242 T fable couplet de la dramatique de tracteurs tondeuses \u00e0 bac apr\u00e8s HUSQVARNA TC \u00e9cho 200.<\/p>\n<ul>\n<li>Disponible en Stock<\/li>\n<li>Support Disponible pour vos questions<\/li>\n<li>Livr\u00e9 \u00e0 votre domicile entre 3 \u00e0 7 Jours ouvr\u00e9s<\/li>\n<li>Paiement S\u00e9curis\u00e9 et Retour Gratuit sous 30 Jours<\/li>\n<\/ul>","protected":false},"featured_media":2958,"comment_status":"closed","ping_status":"closed","template":"","meta":[],"product_brand":[35],"product_cat":[50],"product_tag":[],"class_list":{"0":"post-3015","1":"product","2":"type-product","3":"status-publish","4":"has-post-thumbnail","6":"product_brand-husqvarna","7":"product_cat-autoportees","9":"first","10":"instock","11":"taxable","12":"shipping-taxable","13":"purchasable","14":"product-type-simple"},"_links":{"self":[{"href":"https:\/\/robottond-autoporte.ch\/de\/wp-json\/wp\/v2\/product\/3015","targetHints":{"allow":["GET"]}}],"collection":[{"href":"https:\/\/robottond-autoporte.ch\/de\/wp-json\/wp\/v2\/product"}],"about":[{"href":"https:\/\/robottond-autoporte.ch\/de\/wp-json\/wp\/v2\/types\/product"}],"replies":[{"embeddable":true,"href":"https:\/\/robottond-autoporte.ch\/de\/wp-json\/wp\/v2\/comments?post=3015"}],"wp:featuredmedia":[{"embeddable":true,"href":"https:\/\/robottond-autoporte.ch\/de\/wp-json\/wp\/v2\/media\/2958"}],"wp:attachment":[{"href":"https:\/\/robottond-autoporte.ch\/de\/wp-json\/wp\/v2\/media?parent=3015"}],"wp:term":[{"taxonomy":"product_brand","embeddable":true,"href":"https:\/\/robottond-autoporte.ch\/de\/wp-json\/wp\/v2\/product_brand?post=3015"},{"taxonomy":"product_cat","embeddable":true,"href":"https:\/\/robottond-autoporte.ch\/de\/wp-json\/wp\/v2\/product_cat?post=3015"},{"taxonomy":"product_tag","embeddable":true,"href":"https:\/\/robottond-autoporte.ch\/de\/wp-json\/wp\/v2\/product_tag?post=3015"}],"curies":[{"name":"wp","href":"https:\/\/api.w.org\/{rel}","templated":true}]}}