{"id":3010,"date":"2026-03-12T23:57:57","date_gmt":"2026-03-12T23:57:57","guid":{"rendered":"https:\/\/gucy.robot-tonde-aspir.ch\/?post_type=product&#038;p=3010"},"modified":"2026-03-12T23:59:54","modified_gmt":"2026-03-12T23:59:54","slug":"gr1600-ii-kubota","status":"publish","type":"product","link":"https:\/\/robottond-autoporte.ch\/de\/produkt\/gr1600-ii-kubota\/","title":{"rendered":"GR1600-II KUBOTA"},"content":{"rendered":"<div class=\"col-lg-7\">\n<div class=\"tabs\">\n<div id=\"tab-content\" class=\"tab-content\">\n<div id=\"description\" class=\"tab-pane fade show active\">\n<div class=\"product-description\">\n<p><span dir=\"ltr\">Aussi agr\u00e9able \u00e0 regarder qu\u2019\u00e0 utiliser\u2026<\/span><\/p>\n<p>Plaisantes et puissantes, les autoport\u00e9es GR1600-II et GR1600ID diesel assurent \u00e0 chaque passage des r\u00e9sultats de tonte impeccables. A la diff\u00e9rence du syst\u00e8me par courroie que l\u2019on trouve sur la plupart des autoport\u00e9es grand public essence, les GR disposent d\u2019un entra\u00eenement de la transmission et du plateau de coupe par cardan.<\/p>\n<p>Reconnues pour leur qualit\u00e9 de coupe quelles que soient les conditions de tonte et \u00e9galement de ramassage pour la GR1600-II, ces tondeuses occupent une place de choix dans le segment des autoport\u00e9es pour particuliers.<\/p>\n<p><strong>PLUS D\u2019INFORMATIONS DANS VOS MAGASINS JARDINS LOISIRS<\/strong><\/p>\n<\/div>\n<\/div>\n<\/div>\n<\/div>\n<\/div>\n<div class=\"col-lg-5\">\n<div id=\"product-details\">\n<section class=\"product-features mb-2\">\n<p class=\"product-details-title h3 mb-3 py-2\">Fiche technique<\/p>\n<dl class=\"data-sheet d-flex flex-wrap justify-content-between m-0\">\n<dt class=\"name mb-1 p-2\">Avantages du produit<\/dt>\n<dd class=\"value mb-1 p-2\">Tondeuse GR1600-II est \u00e9quip\u00e9e d\u2019un moteur diesel de 10,1 kW \u00e9quivalent d\u2019un moteur \u00e0 essence de 14,9 kW, d\u2019un grand r\u00e9servoir de carburant de 18 litres assurant une grande autonomie.<\/dd>\n<dt class=\"name mb-1 p-2\">Moteur<\/dt>\n<dd class=\"value mb-1 p-2\">KUBOTA 2 cylindres, diesel, refroidissement par eau<\/dd>\n<dt class=\"name mb-1 p-2\">Cylindr\u00e9e (cm3)<\/dt>\n<dd class=\"value mb-1 p-2\">479 cm\u00b3<\/dd>\n<dt class=\"name mb-1 p-2\">Ramassage<\/dt>\n<dd class=\"value mb-1 p-2\">Bac de 370 L<\/dd>\n<dt class=\"name mb-1 p-2\">Carter de coupe<\/dt>\n<dd class=\"value mb-1 p-2\">1,07 m<\/dd>\n<dt class=\"name mb-1 p-2\">Mulching<\/dt>\n<dd class=\"value mb-1 p-2\">Option<\/dd>\n<dt class=\"name mb-1 p-2\">Avancement \/ Entrainement<\/dt>\n<dd class=\"value mb-1 p-2\">Transmission hydrostatique<\/dd>\n<dt class=\"name mb-1 p-2\">Poids<\/dt>\n<dd class=\"value mb-1 p-2\">450 Kg<\/dd>\n<dt class=\"name mb-1 p-2\">Surface conseill\u00e9e max.<\/dt>\n<dd class=\"value mb-1 p-2\">8000 m\u00b2<\/dd>\n<dt class=\"name mb-1 p-2\">Garantie<\/dt>\n<dd class=\"value mb-1 p-2\">2 ans<\/dd>\n<dt class=\"name mb-1 p-2\">Coupe<\/dt>\n<dd class=\"value mb-1 p-2\">Transmission au plateau de coupe par cardan<\/dd>\n<dt class=\"name mb-1 p-2\">Vitesse de d\u00e9placement<\/dt>\n<dd class=\"value mb-1 p-2\">Progressive de 0 \u2013 10 km\/h<\/dd>\n<dt class=\"name mb-1 p-2\">Puissance (ch)<\/dt>\n<dd class=\"value mb-1 p-2\">13.5 \/ 10,1 kW<\/dd>\n<dt class=\"name mb-1 p-2\">Pour coupe de (mm)<\/dt>\n<dd class=\"value mb-1 p-2\">de 25 \u00e0 102 mm<\/dd>\n<\/dl>\n<\/section>\n<\/div>\n<\/div>","protected":false},"excerpt":{"rendered":"<p>Aussi agr\u00e9able \u00e0 regarder qu\u2019\u00e0 utiliser\u2026 Plaisantes et puissantes, les autoport\u00e9es GR1600-II et GR1600ID diesel assurent \u00e0 chaque passage des<\/p>","protected":false},"featured_media":3106,"comment_status":"closed","ping_status":"closed","template":"","meta":[],"product_brand":[38],"product_cat":[50],"product_tag":[],"class_list":{"0":"post-3010","1":"product","2":"type-product","3":"status-publish","4":"has-post-thumbnail","6":"product_brand-kubota","7":"product_cat-autoportees","9":"first","10":"instock","11":"taxable","12":"shipping-taxable","13":"purchasable","14":"product-type-simple"},"_links":{"self":[{"href":"https:\/\/robottond-autoporte.ch\/de\/wp-json\/wp\/v2\/product\/3010","targetHints":{"allow":["GET"]}}],"collection":[{"href":"https:\/\/robottond-autoporte.ch\/de\/wp-json\/wp\/v2\/product"}],"about":[{"href":"https:\/\/robottond-autoporte.ch\/de\/wp-json\/wp\/v2\/types\/product"}],"replies":[{"embeddable":true,"href":"https:\/\/robottond-autoporte.ch\/de\/wp-json\/wp\/v2\/comments?post=3010"}],"wp:featuredmedia":[{"embeddable":true,"href":"https:\/\/robottond-autoporte.ch\/de\/wp-json\/wp\/v2\/media\/3106"}],"wp:attachment":[{"href":"https:\/\/robottond-autoporte.ch\/de\/wp-json\/wp\/v2\/media?parent=3010"}],"wp:term":[{"taxonomy":"product_brand","embeddable":true,"href":"https:\/\/robottond-autoporte.ch\/de\/wp-json\/wp\/v2\/product_brand?post=3010"},{"taxonomy":"product_cat","embeddable":true,"href":"https:\/\/robottond-autoporte.ch\/de\/wp-json\/wp\/v2\/product_cat?post=3010"},{"taxonomy":"product_tag","embeddable":true,"href":"https:\/\/robottond-autoporte.ch\/de\/wp-json\/wp\/v2\/product_tag?post=3010"}],"curies":[{"name":"wp","href":"https:\/\/api.w.org\/{rel}","templated":true}]}}