{"id":2998,"date":"2026-03-12T23:57:57","date_gmt":"2026-03-12T23:57:57","guid":{"rendered":"https:\/\/gucy.robot-tonde-aspir.ch\/?post_type=product&#038;p=2998"},"modified":"2026-03-12T23:59:48","modified_gmt":"2026-03-12T23:59:48","slug":"rc318t-husqvarna","status":"publish","type":"product","link":"https:\/\/robottond-autoporte.ch\/de\/produkt\/rc318t-husqvarna\/","title":{"rendered":"RC318T HUSQVARNA"},"content":{"rendered":"","protected":false},"excerpt":{"rendered":"<p>Con\u00e7ue pour les propri\u00e9taires qui appr\u00e9cient la qualit\u00e9, la fiabilit\u00e9 et le caract\u00e8re novateur des produits , la tondeuse type Rider RC 318T est \u00e0 la fois robuste et polyvalente. Son syst\u00e8me innovant de collecte sans obstruction achemine l\u2019herbe coup\u00e9e directement du carter de coupe vers le bac de 300L. Le compactage automatique augmente la dur\u00e9e de service entre chaque phase de vidage du bac, vous pouvez donc tondre davantage de surface entre chaque arr\u00eat. Gr\u00e2ce \u00e0 sa conception innovante, cette tondeuse de type Rider vous garantit efficacit\u00e9, performance et simplicit\u00e9. L\u2019entretien et le nettoyage du carter de coupe ne n\u00e9cessitent aucun outil gr\u00e2ce \u00e0 la position d\u2019inclinaison \u00e0 90\u00b0. Ses commandes intuitives, son excellente ergonomie, son rayon d\u2019action hors pair et son impressionnante capacit\u00e9 de collecte en font un investissement particuli\u00e8rement int\u00e9ressant pour les propri\u00e9taires de vastes jardins.<\/p>","protected":false},"featured_media":3093,"comment_status":"closed","ping_status":"closed","template":"","meta":[],"product_brand":[35],"product_cat":[50],"product_tag":[],"class_list":{"0":"post-2998","1":"product","2":"type-product","3":"status-publish","4":"has-post-thumbnail","6":"product_brand-husqvarna","7":"product_cat-autoportees","9":"first","10":"instock","11":"taxable","12":"shipping-taxable","13":"purchasable","14":"product-type-simple"},"_links":{"self":[{"href":"https:\/\/robottond-autoporte.ch\/de\/wp-json\/wp\/v2\/product\/2998","targetHints":{"allow":["GET"]}}],"collection":[{"href":"https:\/\/robottond-autoporte.ch\/de\/wp-json\/wp\/v2\/product"}],"about":[{"href":"https:\/\/robottond-autoporte.ch\/de\/wp-json\/wp\/v2\/types\/product"}],"replies":[{"embeddable":true,"href":"https:\/\/robottond-autoporte.ch\/de\/wp-json\/wp\/v2\/comments?post=2998"}],"wp:featuredmedia":[{"embeddable":true,"href":"https:\/\/robottond-autoporte.ch\/de\/wp-json\/wp\/v2\/media\/3093"}],"wp:attachment":[{"href":"https:\/\/robottond-autoporte.ch\/de\/wp-json\/wp\/v2\/media?parent=2998"}],"wp:term":[{"taxonomy":"product_brand","embeddable":true,"href":"https:\/\/robottond-autoporte.ch\/de\/wp-json\/wp\/v2\/product_brand?post=2998"},{"taxonomy":"product_cat","embeddable":true,"href":"https:\/\/robottond-autoporte.ch\/de\/wp-json\/wp\/v2\/product_cat?post=2998"},{"taxonomy":"product_tag","embeddable":true,"href":"https:\/\/robottond-autoporte.ch\/de\/wp-json\/wp\/v2\/product_tag?post=2998"}],"curies":[{"name":"wp","href":"https:\/\/api.w.org\/{rel}","templated":true}]}}