{"id":2996,"date":"2026-03-12T23:57:56","date_gmt":"2026-03-12T23:57:56","guid":{"rendered":"https:\/\/gucy.robot-tonde-aspir.ch\/?post_type=product&#038;p=2996"},"modified":"2026-03-13T00:08:19","modified_gmt":"2026-03-13T00:08:19","slug":"alpina-352-cm3-at4-84a-tondeuses-autoportee","status":"publish","type":"product","link":"https:\/\/robottond-autoporte.ch\/de\/produkt\/alpina-352-cm3-at4-84a-tondeuses-autoportee\/","title":{"rendered":"ALPINA \u2013 352 cm3 \u2013 AT4 84A \u2013 tondeuses autoport\u00e9e"},"content":{"rendered":"<table class=\"characteristics-table\">\n<tbody>\n<tr>\n<th scope=\"row\">Bac de ramassage<\/th>\n<td>200\u00a0l<\/td>\n<\/tr>\n<tr>\n<th scope=\"row\">Carburant<\/th>\n<td>Essence<\/td>\n<\/tr>\n<tr>\n<th scope=\"row\">Cylindr\u00e9e<\/th>\n<td>352\u00a0cm3<\/td>\n<\/tr>\n<tr>\n<th scope=\"row\">Dimensions L x l x H<\/th>\n<td>2338 x 880 x 1100 mm<\/td>\n<\/tr>\n<tr>\n<th scope=\"row\">Embrayage de lame<\/th>\n<td>Electromagn\u00e9tique<\/td>\n<\/tr>\n<tr>\n<th scope=\"row\">Hauteur de coupe<\/th>\n<td>25 \u00e0 80 mm<\/td>\n<\/tr>\n<tr>\n<th scope=\"row\">Kit attelage<\/th>\n<td>En option<\/td>\n<\/tr>\n<tr>\n<th scope=\"row\">Kitmulching<\/th>\n<td>En option<\/td>\n<\/tr>\n<tr>\n<th scope=\"row\">Largeur de coupe<\/th>\n<td>84\u00a0cm<\/td>\n<\/tr>\n<tr>\n<th scope=\"row\">Marque<\/th>\n<td>ALPINA<\/td>\n<\/tr>\n<tr>\n<th scope=\"row\">Moteur<\/th>\n<td>Alpina ST 350<\/td>\n<\/tr>\n<tr>\n<th scope=\"row\">Nombre de positions de coupe<\/th>\n<td>7\u00a0positions<\/td>\n<\/tr>\n<tr>\n<th scope=\"row\">Poids<\/th>\n<td>191\u00a0kg<\/td>\n<\/tr>\n<tr>\n<th scope=\"row\">Puissance<\/th>\n<td>5800\u00a0watts<\/td>\n<\/tr>\n<tr>\n<th scope=\"row\">Roues<\/th>\n<td>13\u2033 X 18\u2033<\/td>\n<\/tr>\n<tr>\n<th scope=\"row\">Surface de tonte<\/th>\n<td>3000\u00a0m2<\/td>\n<\/tr>\n<tr>\n<th scope=\"row\">Transmission<\/th>\n<td>M\u00e9canique<\/td>\n<\/tr>\n<tr>\n<th scope=\"row\">Type d\u2019\u00e9jection<\/th>\n<td>Arri\u00e8re<\/td>\n<\/tr>\n<tr>\n<th scope=\"row\">Volume r\u00e9servoir essence<\/th>\n<td>6\u00a0l<\/td>\n<\/tr>\n<tr>\n<th scope=\"row\">Code fabricant<\/th>\n<td>\n<ul>\n<li>2T2000404\/A22<\/li>\n<\/ul>\n<\/td>\n<\/tr>\n<\/tbody>\n<\/table>","protected":false},"excerpt":{"rendered":"<p>La tondeuse autoport\u00e9e \u00e0 \u00e9jection arri\u00e8re BT 84 est fabriqu\u00e9e par la soci\u00e9t\u00e9 Alpina. Dot\u00e9e d\u2019un puissant moteur Alpina 750 de 352 cm3, ce rider est con\u00e7u pour la tonte des espaces verts de 2800 m2. Son carter abrite une lame permettant une largeur de coupe de 84 cm. L\u2019embrayage de lame est \u00e9lectronique. Son large de bac de ramassage de 200 litres permet de travailler sereinement.<\/p>\n<p>Le confort de conduite est au rendez-vous gr\u00e2ce \u00e0 la pr\u00e9sence d\u2019un si\u00e8ge ajustable. Celui-ci permet une conduite intensive dans les meilleures conditions.<\/p>","protected":false},"featured_media":3091,"comment_status":"closed","ping_status":"closed","template":"","meta":[],"product_brand":[],"product_cat":[50],"product_tag":[],"class_list":{"0":"post-2996","1":"product","2":"type-product","3":"status-publish","4":"has-post-thumbnail","6":"product_cat-autoportees","8":"first","9":"instock","10":"taxable","11":"shipping-taxable","12":"purchasable","13":"product-type-simple"},"_links":{"self":[{"href":"https:\/\/robottond-autoporte.ch\/de\/wp-json\/wp\/v2\/product\/2996","targetHints":{"allow":["GET"]}}],"collection":[{"href":"https:\/\/robottond-autoporte.ch\/de\/wp-json\/wp\/v2\/product"}],"about":[{"href":"https:\/\/robottond-autoporte.ch\/de\/wp-json\/wp\/v2\/types\/product"}],"replies":[{"embeddable":true,"href":"https:\/\/robottond-autoporte.ch\/de\/wp-json\/wp\/v2\/comments?post=2996"}],"wp:featuredmedia":[{"embeddable":true,"href":"https:\/\/robottond-autoporte.ch\/de\/wp-json\/wp\/v2\/media\/3091"}],"wp:attachment":[{"href":"https:\/\/robottond-autoporte.ch\/de\/wp-json\/wp\/v2\/media?parent=2996"}],"wp:term":[{"taxonomy":"product_brand","embeddable":true,"href":"https:\/\/robottond-autoporte.ch\/de\/wp-json\/wp\/v2\/product_brand?post=2996"},{"taxonomy":"product_cat","embeddable":true,"href":"https:\/\/robottond-autoporte.ch\/de\/wp-json\/wp\/v2\/product_cat?post=2996"},{"taxonomy":"product_tag","embeddable":true,"href":"https:\/\/robottond-autoporte.ch\/de\/wp-json\/wp\/v2\/product_tag?post=2996"}],"curies":[{"name":"wp","href":"https:\/\/api.w.org\/{rel}","templated":true}]}}