{"id":2956,"date":"2026-03-12T23:56:06","date_gmt":"2026-03-12T23:56:06","guid":{"rendered":"https:\/\/gucy.robot-tonde-aspir.ch\/?post_type=product&#038;p=2956"},"modified":"2026-03-12T23:56:15","modified_gmt":"2026-03-12T23:56:15","slug":"debroussailleuse-a-batterie-520irx-nu-husqvarna-2","status":"publish","type":"product","link":"https:\/\/robottond-autoporte.ch\/de\/produkt\/debroussailleuse-a-batterie-520irx-nu-husqvarna-2\/","title":{"rendered":"D\u00e9broussailleuse \u00e0 batterie 520iRX nu HUSQVARNA"},"content":{"rendered":"<p>La d\u00e9broussailleuse HUSQVARNA 520iRX et l\u00e9g\u00e8re et performante avec guidon asym\u00e9trique sur potence.<\/p>\n<p>Elle se caract\u00e9rise \u00e9galement par une excellente ergonomie et un \u00e9quilibre parfait avec un moteur durable sans balai.<\/p>\n<p>Innovation unique sur le march\u00e9: une t\u00eate de coupe \u00e0 double sens de rotation astucieuse permettant de projeter l\u2019herbe coup\u00e9e \u00e0 gauche ou \u00e0 droite.<\/p>\n<p>R\u00e9pond \u00e0 la norme IPX4 pour une utilisation par tous les temps.<\/p>\n<p>Autonomies (tailles l\u00e9g\u00e8res):<\/p>\n<ul>\n<li>40-B70 : 30 min<\/li>\n<li>40-B140: 1H<\/li>\n<li>BLi30: 1H50<\/li>\n<li>BLi100: 40 min<\/li>\n<li>BLi200: 1H20<\/li>\n<li>BLi200X: 1H20<\/li>\n<li>BLI300: 2H15<\/li>\n<\/ul>","protected":false},"excerpt":{"rendered":"<p>Moteur E-TORQ sans balais, mode \u00e9co, clavier intuitif, rotation de la t\u00eate fil dans les deux sens, r\u00e9sistant aux intemp\u00e9ries (IPX4)<\/p>\n<p><b>Usage<\/b><\/p>\n<p>Professionnel<\/p>\n<p><b>Poids<\/b><\/p>\n<p>3.8 kg<\/p>\n<p><b>Garantie<\/b><\/p>\n<p>2 ans<\/p>\n<p><b>Outils fournis<\/b><\/p>\n<p>t\u00eate fil nylon + couteau 3 dents + harnais<\/p>\n<p><b>Diam\u00e8tre du fil de coupe possible<\/b><\/p>\n<p>2.0 mm \u2013 2.4 mm<\/p>","protected":false},"featured_media":2973,"comment_status":"closed","ping_status":"closed","template":"","meta":[],"product_brand":[35],"product_cat":[47],"product_tag":[],"class_list":{"0":"post-2956","1":"product","2":"type-product","3":"status-publish","4":"has-post-thumbnail","6":"product_brand-husqvarna","7":"product_cat-tondeuses-debroussailleuses","9":"first","10":"instock","11":"taxable","12":"shipping-taxable","13":"purchasable","14":"product-type-simple"},"_links":{"self":[{"href":"https:\/\/robottond-autoporte.ch\/de\/wp-json\/wp\/v2\/product\/2956","targetHints":{"allow":["GET"]}}],"collection":[{"href":"https:\/\/robottond-autoporte.ch\/de\/wp-json\/wp\/v2\/product"}],"about":[{"href":"https:\/\/robottond-autoporte.ch\/de\/wp-json\/wp\/v2\/types\/product"}],"replies":[{"embeddable":true,"href":"https:\/\/robottond-autoporte.ch\/de\/wp-json\/wp\/v2\/comments?post=2956"}],"wp:featuredmedia":[{"embeddable":true,"href":"https:\/\/robottond-autoporte.ch\/de\/wp-json\/wp\/v2\/media\/2973"}],"wp:attachment":[{"href":"https:\/\/robottond-autoporte.ch\/de\/wp-json\/wp\/v2\/media?parent=2956"}],"wp:term":[{"taxonomy":"product_brand","embeddable":true,"href":"https:\/\/robottond-autoporte.ch\/de\/wp-json\/wp\/v2\/product_brand?post=2956"},{"taxonomy":"product_cat","embeddable":true,"href":"https:\/\/robottond-autoporte.ch\/de\/wp-json\/wp\/v2\/product_cat?post=2956"},{"taxonomy":"product_tag","embeddable":true,"href":"https:\/\/robottond-autoporte.ch\/de\/wp-json\/wp\/v2\/product_tag?post=2956"}],"curies":[{"name":"wp","href":"https:\/\/api.w.org\/{rel}","templated":true}]}}