{"id":2955,"date":"2026-03-12T23:56:06","date_gmt":"2026-03-12T23:56:06","guid":{"rendered":"https:\/\/gucy.robot-tonde-aspir.ch\/?post_type=product&#038;p=2955"},"modified":"2026-03-12T23:56:15","modified_gmt":"2026-03-12T23:56:15","slug":"debroussailleuse-a-batterie-fsa130-stihl","status":"publish","type":"product","link":"https:\/\/robottond-autoporte.ch\/de\/produkt\/debroussailleuse-a-batterie-fsa130-stihl\/","title":{"rendered":"D\u00e9broussailleuse \u00e0 batterie FSA130 STIHL"},"content":{"rendered":"<p>La\u00a0<strong>d\u00e9broussailleuse<\/strong><strong>\u00a0\u00e0 batterie STIHL FSA 130<\/strong>\u00a0r\u00e9invente la performance. Un rotofil, sans fil qui fonctionne sur batterie avec la m\u00eame puissance qu\u2019une machine thermique : la FSA\u00a0130 est un incontournable de la gamme d\u2019outils de jardin \u00e0 batterie STIHL. Avec son moteur \u00e0 commutation \u00e9lectronique sans balais EC qui offre un haut rendement et un couple \u00e9lev\u00e9, elle d\u00e9veloppe autant de puissance qu\u2019une d\u00e9broussailleuse thermique de 37 cm3. L\u00e9g\u00e8re, parfaitement \u00e9quilibr\u00e9e et confortable, elle atteint \u00e0 peine 4,4 kg. Le guidon asym\u00e9trique r\u00e9glable permet d\u2019augmenter l\u2019amplitude du mouvement pour travailler confortablement, en faisant un geste plus naturel, sans fatigue, qui am\u00e9liore votre rendement.<\/p>\n<p>Le harnais de portage r\u00e9partit la charge sur les \u00e9paules et augmente votre confort de travail. La transmission par arbre rigide autorise les travaux les plus difficiles :<\/p>\n<p>Nettoyage des bordures avec la t\u00eate semi-automatique Autocut C26-2 (r\u00e9glage de la longueur de fil en la tapant sur la sol -Tap\u2019n\u2019Go- jusque 42 cm)<\/p>\n<p>Entretien des zones herbeuses, avec le couteau sp\u00e9cial herbe haute \u00e0 3 dents.<\/p>\n<p>La d\u00e9broussailleuse\u00a0\u00e0 batterie STIHL\u00a0FSA 130 est destin\u00e9e aux utilisateurs professionnels et aux travaux de longue dur\u00e9e, elle est munie d\u2019une prise pour connecter une batterie dorsale longue autonomie<\/p>","protected":false},"excerpt":{"rendered":"<p><b>Avantages du produit<\/b><\/p>\n<p>Moteur EC sans charbon, puissante et ergonomique, filtre \u00e0 air avec grille m\u00e9tallique pour un meilleur refroidissement du moteur et de l\u2019\u00e9lectronique, variateur de vitesse, curseur de puissance 3 niveaux.<\/p>\n<p><b>Conseil du pro<\/b><\/p>\n<p>Id\u00e9al pour une utilisation dans les zones sensibles au bruit.<\/p>\n<p><b>Usage<\/b><\/p>\n<p>Parcs et domaines<\/p>\n<p><b>Autonomie<\/b><\/p>\n<p>Avec t\u00eate fil nylon: AP100: 14 min \u2013 AP200: 28 min \u2013 AP 300: 36 min \u2013 AP300S: 45 min<\/p>\n<p><b>Poids<\/b><\/p>\n<p>4,5 Kg (sans batterie)<\/p>\n<p><b>Accessoire(s) inclu(s)<\/b><\/p>\n<p>Harnais double<\/p>\n<p><b>Garantie<\/b><\/p>\n<p>2 ans<\/p>\n<p><b>Compatible avec<\/b><\/p>\n<p>T\u00eates faucheuses : Autocut 25-2, Autocut C 26-2, Supercut 20-2, Durocut 20-2<\/p>\n<p><b>Outils fournis<\/b><\/p>\n<p>T\u00eate STIHL Autocut C26-2 fil 2.4mm<\/p>","protected":false},"featured_media":2972,"comment_status":"closed","ping_status":"closed","template":"","meta":[],"product_brand":[46],"product_cat":[47],"product_tag":[],"class_list":{"0":"post-2955","1":"product","2":"type-product","3":"status-publish","4":"has-post-thumbnail","6":"product_brand-stihl","7":"product_cat-tondeuses-debroussailleuses","9":"first","10":"instock","11":"taxable","12":"shipping-taxable","13":"purchasable","14":"product-type-simple"},"_links":{"self":[{"href":"https:\/\/robottond-autoporte.ch\/de\/wp-json\/wp\/v2\/product\/2955","targetHints":{"allow":["GET"]}}],"collection":[{"href":"https:\/\/robottond-autoporte.ch\/de\/wp-json\/wp\/v2\/product"}],"about":[{"href":"https:\/\/robottond-autoporte.ch\/de\/wp-json\/wp\/v2\/types\/product"}],"replies":[{"embeddable":true,"href":"https:\/\/robottond-autoporte.ch\/de\/wp-json\/wp\/v2\/comments?post=2955"}],"wp:featuredmedia":[{"embeddable":true,"href":"https:\/\/robottond-autoporte.ch\/de\/wp-json\/wp\/v2\/media\/2972"}],"wp:attachment":[{"href":"https:\/\/robottond-autoporte.ch\/de\/wp-json\/wp\/v2\/media?parent=2955"}],"wp:term":[{"taxonomy":"product_brand","embeddable":true,"href":"https:\/\/robottond-autoporte.ch\/de\/wp-json\/wp\/v2\/product_brand?post=2955"},{"taxonomy":"product_cat","embeddable":true,"href":"https:\/\/robottond-autoporte.ch\/de\/wp-json\/wp\/v2\/product_cat?post=2955"},{"taxonomy":"product_tag","embeddable":true,"href":"https:\/\/robottond-autoporte.ch\/de\/wp-json\/wp\/v2\/product_tag?post=2955"}],"curies":[{"name":"wp","href":"https:\/\/api.w.org\/{rel}","templated":true}]}}