{"id":2954,"date":"2026-03-12T23:56:06","date_gmt":"2026-03-12T23:56:06","guid":{"rendered":"https:\/\/gucy.robot-tonde-aspir.ch\/?post_type=product&#038;p=2954"},"modified":"2026-03-12T23:56:15","modified_gmt":"2026-03-12T23:56:15","slug":"debroussailleuse-a-batterie-fsa130r-stihl-nue","status":"publish","type":"product","link":"https:\/\/robottond-autoporte.ch\/de\/produkt\/debroussailleuse-a-batterie-fsa130r-stihl-nue\/","title":{"rendered":"D\u00e9broussailleuse \u00e0 batterie FSA130R STIHL nue"},"content":{"rendered":"<p>Coupe-herbe et d\u00e9broussailleuse \u00e0 batterie pour le fauchage de grandes surfaces d\u2019herbes, la STIHL FSA130R est anim\u00e9e par un moteur \u00e0 commutation \u00e9lectronique sans balais EC , ce moteur d\u00e9veloppe autant de puissance qu\u2019un moteur thermique de 37 cm3 , il offre une tr\u00e8s haute efficacit\u00e9 \u00e9nerg\u00e9tique qui \u00e9conomise la batterie, et assure un haut rendement et un couple \u00e9lev\u00e9 pour une coupe franche et puissante.<\/p>\n<p>L\u2019arbre rigide transmet toute le puissance moteur \u00e0 la t\u00eate semi-automatique Autocut C26-2 (r\u00e9glage de la longueur de fil en la tapant sur la sol -Tap\u2019n\u2019Go- jusque 42 cm), et autorise les travaux d\u2019entretien les plus difficilies. Poign\u00e9e avant ronde r\u00e9glable, poign\u00e9e arri\u00e8re prot\u00e9g\u00e9e, bretelle de portage, interrupteur de s\u00e9curit\u00e9, tous les \u00e9l\u00e9ments sont r\u00e9unis pour assurer confort et s\u00e9curit\u00e9 \u00e0 l\u2019utilisateur. Destin\u00e9e aux utilisateurs professionnels et aux travaux de longue dur\u00e9e, elle est munie d\u2019une prise pour connecter une batterie dorsale longue autonomie.<\/p>","protected":false},"excerpt":{"rendered":"<p><b>Conseil du pro<\/b><\/p>\n<p>Gamme STIHL lithium-Ion PRO, compatible avec batterie dorsale sp\u00e9ciale pro., moteur EC, variateur de vitesse, Eco-Speed, transmission rigide, poign\u00e9e r\u00e9glable sans outil<\/p>\n<p><b>Poids<\/b><\/p>\n<p>3,7 (sans batterie)<\/p>\n<p><b>Accessoire(s) inclu(s)<\/b><\/p>\n<p>T\u00eate \u00e0 fil Autocut 26-2<\/p>\n<p><b>Garantie<\/b><\/p>\n<p>2 ans<\/p>\n<p><b>Compatible avec<\/b><\/p>\n<p>T\u00eates faucheuses : Autocut 25-2, Autocut C 26-2, Supercut 20-2, Durocut 20-2<\/p>\n<p><b>Outils fournis<\/b><\/p>\n<p>T\u00eate STIHL Autocut C26-2 \u00e0 avance automatique \/ 2 fils \u00d82,4mm \/coupe \u00d8 42 cm<\/p>\n<p><b>Conseil du pro<\/b><\/p>\n<p>Gamme STIHL lithium-Ion PRO, compatible avec batterie dorsale sp\u00e9ciale pro., moteur EC, variateur de vitesse, Eco-Speed, transmission rigide, poign\u00e9e r\u00e9glable sans outil<\/p>\n<p><b>Poids<\/b><\/p>\n<p>3,7 (sans batterie)<\/p>\n<p><b>Accessoire(s) inclu(s)<\/b><\/p>\n<p>T\u00eate \u00e0 fil Autocut 26-2<\/p>\n<p><b>Garantie<\/b><\/p>\n<p>2 ans<\/p>\n<p><b>Compatible avec<\/b><\/p>\n<p>T\u00eates faucheuses : Autocut 25-2, Autocut C 26-2, Supercut 20-2, Durocut 20-2<\/p>\n<p><b>Outils fournis<\/b><\/p>\n<p>T\u00eate STIHL Autocut C26-2 \u00e0 avance automatique \/ 2 fils \u00d82,4mm \/coupe \u00d8 42 cm<\/p>","protected":false},"featured_media":2986,"comment_status":"closed","ping_status":"closed","template":"","meta":[],"product_brand":[46],"product_cat":[47],"product_tag":[],"class_list":{"0":"post-2954","1":"product","2":"type-product","3":"status-publish","4":"has-post-thumbnail","6":"product_brand-stihl","7":"product_cat-tondeuses-debroussailleuses","9":"first","10":"instock","11":"taxable","12":"shipping-taxable","13":"purchasable","14":"product-type-simple"},"_links":{"self":[{"href":"https:\/\/robottond-autoporte.ch\/de\/wp-json\/wp\/v2\/product\/2954","targetHints":{"allow":["GET"]}}],"collection":[{"href":"https:\/\/robottond-autoporte.ch\/de\/wp-json\/wp\/v2\/product"}],"about":[{"href":"https:\/\/robottond-autoporte.ch\/de\/wp-json\/wp\/v2\/types\/product"}],"replies":[{"embeddable":true,"href":"https:\/\/robottond-autoporte.ch\/de\/wp-json\/wp\/v2\/comments?post=2954"}],"wp:featuredmedia":[{"embeddable":true,"href":"https:\/\/robottond-autoporte.ch\/de\/wp-json\/wp\/v2\/media\/2986"}],"wp:attachment":[{"href":"https:\/\/robottond-autoporte.ch\/de\/wp-json\/wp\/v2\/media?parent=2954"}],"wp:term":[{"taxonomy":"product_brand","embeddable":true,"href":"https:\/\/robottond-autoporte.ch\/de\/wp-json\/wp\/v2\/product_brand?post=2954"},{"taxonomy":"product_cat","embeddable":true,"href":"https:\/\/robottond-autoporte.ch\/de\/wp-json\/wp\/v2\/product_cat?post=2954"},{"taxonomy":"product_tag","embeddable":true,"href":"https:\/\/robottond-autoporte.ch\/de\/wp-json\/wp\/v2\/product_tag?post=2954"}],"curies":[{"name":"wp","href":"https:\/\/api.w.org\/{rel}","templated":true}]}}