{"id":2947,"date":"2026-03-12T23:56:05","date_gmt":"2026-03-12T23:56:05","guid":{"rendered":"https:\/\/gucy.robot-tonde-aspir.ch\/?post_type=product&#038;p=2947"},"modified":"2026-03-12T23:56:12","modified_gmt":"2026-03-12T23:56:12","slug":"debroussailleuse-a-roues-sd-517","status":"publish","type":"product","link":"https:\/\/robottond-autoporte.ch\/de\/produkt\/debroussailleuse-a-roues-sd-517\/","title":{"rendered":"D\u00e9broussailleuse \u00e0 roues SD 517"},"content":{"rendered":"<p>La d\u00e9broussailleuse \u00e0 roues SD 517 est facile d\u2019utilisation, et permet de faucher sans difficult\u00e9 des herbes jusqu\u2019\u00e0 50 cm de hauteur.<\/p>\n<p>Elle permet d\u2019entretenir confortablement des terrains allant jusqu\u2019\u00e0 2000 m\u00b2 notamment dans des petits sous-bois m\u00eame \u00e9pineux. Le carter de coupe en acier d\u2019une largeur de travail de 51 cm est \u00e9quip\u00e9 de d\u00e9flecteurs amovibles (avant et lat\u00e9ral).<\/p>\n<p>Les 4 hauteurs de coupe r\u00e9glable au guidon, les grandes roues arri\u00e8re \u00e0 effet diff\u00e9rentiel (3\/4 de tour) ainsi que sa roue avant pivotante en font une machine maniable qui s\u2019adapte \u00e0 tous types de terrains.<\/p>\n<p>Pour votre s\u00e9curit\u00e9, une poign\u00e9e type \u00ab homme mort \u00bb pr\u00e9sente au guidon assure l\u2019arr\u00eat moteur.<\/p>","protected":false},"excerpt":{"rendered":"<p><strong>Moteur :<\/strong>\u00a0RATO RV 170<br \/>\n<strong>Puissance :<\/strong>\u00a03,2 kW \/ 4,3 ch<br \/>\n<strong>Cylindr\u00e9e :<\/strong>\u00a0173 cm\u00b3<br \/>\n<strong>Vitesses :<\/strong>\u00a01 AV ( 2,8 km\/h)<br \/>\n<strong>Largeur de travail :<\/strong>\u00a051 cm<br \/>\n<strong>Hauteur de coupe :<\/strong>\u00a055-70-90-110 mm<br \/>\n<strong>R\u00e9glage hauteur de coupe :<\/strong>\u00a04 positions, r\u00e9glables depuis le guidon<br \/>\n<strong>Guidon :<\/strong>\u00a0fixe<br \/>\n<strong>Pente :<\/strong>\u00a020% \u2013 11\u00b0<br \/>\n<strong>Surface recommand\u00e9e :<\/strong>\u00a0jusqu\u2019\u00e0 2000 m\u00b2<br \/>\n<strong>Poids :<\/strong>\u00a050 kg<br \/>\n<strong>Garantie :<\/strong>\u00a02 ans<br \/>\n<strong>Disponibilit\u00e9 des pi\u00e8ces d\u00e9tach\u00e9es :<\/strong>\u00a012 ans<\/p>","protected":false},"featured_media":2975,"comment_status":"closed","ping_status":"closed","template":"","meta":[],"product_brand":[31],"product_cat":[47],"product_tag":[],"class_list":{"0":"post-2947","1":"product","2":"type-product","3":"status-publish","4":"has-post-thumbnail","6":"product_brand-ferris","7":"product_cat-tondeuses-debroussailleuses","9":"first","10":"instock","11":"taxable","12":"shipping-taxable","13":"purchasable","14":"product-type-simple"},"_links":{"self":[{"href":"https:\/\/robottond-autoporte.ch\/de\/wp-json\/wp\/v2\/product\/2947","targetHints":{"allow":["GET"]}}],"collection":[{"href":"https:\/\/robottond-autoporte.ch\/de\/wp-json\/wp\/v2\/product"}],"about":[{"href":"https:\/\/robottond-autoporte.ch\/de\/wp-json\/wp\/v2\/types\/product"}],"replies":[{"embeddable":true,"href":"https:\/\/robottond-autoporte.ch\/de\/wp-json\/wp\/v2\/comments?post=2947"}],"wp:featuredmedia":[{"embeddable":true,"href":"https:\/\/robottond-autoporte.ch\/de\/wp-json\/wp\/v2\/media\/2975"}],"wp:attachment":[{"href":"https:\/\/robottond-autoporte.ch\/de\/wp-json\/wp\/v2\/media?parent=2947"}],"wp:term":[{"taxonomy":"product_brand","embeddable":true,"href":"https:\/\/robottond-autoporte.ch\/de\/wp-json\/wp\/v2\/product_brand?post=2947"},{"taxonomy":"product_cat","embeddable":true,"href":"https:\/\/robottond-autoporte.ch\/de\/wp-json\/wp\/v2\/product_cat?post=2947"},{"taxonomy":"product_tag","embeddable":true,"href":"https:\/\/robottond-autoporte.ch\/de\/wp-json\/wp\/v2\/product_tag?post=2947"}],"curies":[{"name":"wp","href":"https:\/\/api.w.org\/{rel}","templated":true}]}}