{"id":2943,"date":"2026-03-12T23:56:05","date_gmt":"2026-03-12T23:56:05","guid":{"rendered":"https:\/\/gucy.robot-tonde-aspir.ch\/?post_type=product&#038;p=2943"},"modified":"2026-03-12T23:56:10","modified_gmt":"2026-03-12T23:56:10","slug":"debroussailleuse-a-dos-umr-435t-honda","status":"publish","type":"product","link":"https:\/\/robottond-autoporte.ch\/de\/produkt\/debroussailleuse-a-dos-umr-435t-honda\/","title":{"rendered":"D\u00e9broussailleuse \u00e0 dos UMR 435T HONDA"},"content":{"rendered":"<p>Confortablement install\u00e9 sur le dos, le moteur 4-temps vous apporte la fluidit\u00e9, le silence et la puissance n\u00e9cessaires pour vaincre tous les types de verdures sauvages que vous pouvez rencontrer.<\/p>\n<p>Sa maniabilit\u00e9 pr\u00e9cise facilite la coupe des diff\u00e9rents types de feuillages tandis le manche flexible vous offre un contr\u00f4le suppl\u00e9mentaire que les mod\u00e8les fixes ne pourront vous offrir.<\/p>\n<p>Ainsi, que vous vous attaquiez \u00e0 des broussailles \u00e9paisses, \u00e0 des rives pentues et herbeuses ou \u00e0 des zones \u00e9troites autour d\u2019obstacles, notre d\u00e9broussailleuse \u00e0 dos sera \u00e0 la hauteur de sa mission. En outre, la t\u00eate en nylon se remplace par une lame ultra-robuste pour les t\u00e2ches les plus ardues.<\/p>","protected":false},"excerpt":{"rendered":"<p><b>Avantages du produit<\/b><\/p>\n<p>Moteur 4 temps, syst\u00e8me anti-vibration, poign\u00e9e ergonomique<\/p>\n<p><b>Conseil du pro<\/b><\/p>\n<p>Id\u00e9al pour les terrains accident\u00e9s ou les foss\u00e9s \u00e9troits<\/p>\n<p><b>Moteur<\/b><\/p>\n<p>Honda GX 35 \u2013 d\u00e9marrage lanceur<\/p>\n<p><b>Cylindr\u00e9e (cm3)<\/b><\/p>\n<p>35 cm\u00b3<\/p>\n<p><b>Poids<\/b><\/p>\n<p>10 kg<\/p>\n<p><b>Accessoire(s) inclu(s)<\/b><\/p>\n<p>Harnais de portage, t\u00eate nylon TAP &amp; GO, couteau 3 dents<\/p>\n<p><b>Conditionnement<\/b><\/p>\n<p>En carton, sans huile ni carburant.<\/p>\n<p><b>Garantie<\/b><\/p>\n<p>2 ans<\/p>","protected":false},"featured_media":2970,"comment_status":"open","ping_status":"closed","template":"","meta":[],"product_brand":[33],"product_cat":[47],"product_tag":[],"class_list":{"0":"post-2943","1":"product","2":"type-product","3":"status-publish","4":"has-post-thumbnail","6":"product_brand-honda","7":"product_cat-tondeuses-debroussailleuses","9":"first","10":"instock","11":"taxable","12":"shipping-taxable","13":"purchasable","14":"product-type-simple"},"_links":{"self":[{"href":"https:\/\/robottond-autoporte.ch\/de\/wp-json\/wp\/v2\/product\/2943","targetHints":{"allow":["GET"]}}],"collection":[{"href":"https:\/\/robottond-autoporte.ch\/de\/wp-json\/wp\/v2\/product"}],"about":[{"href":"https:\/\/robottond-autoporte.ch\/de\/wp-json\/wp\/v2\/types\/product"}],"replies":[{"embeddable":true,"href":"https:\/\/robottond-autoporte.ch\/de\/wp-json\/wp\/v2\/comments?post=2943"}],"wp:featuredmedia":[{"embeddable":true,"href":"https:\/\/robottond-autoporte.ch\/de\/wp-json\/wp\/v2\/media\/2970"}],"wp:attachment":[{"href":"https:\/\/robottond-autoporte.ch\/de\/wp-json\/wp\/v2\/media?parent=2943"}],"wp:term":[{"taxonomy":"product_brand","embeddable":true,"href":"https:\/\/robottond-autoporte.ch\/de\/wp-json\/wp\/v2\/product_brand?post=2943"},{"taxonomy":"product_cat","embeddable":true,"href":"https:\/\/robottond-autoporte.ch\/de\/wp-json\/wp\/v2\/product_cat?post=2943"},{"taxonomy":"product_tag","embeddable":true,"href":"https:\/\/robottond-autoporte.ch\/de\/wp-json\/wp\/v2\/product_tag?post=2943"}],"curies":[{"name":"wp","href":"https:\/\/api.w.org\/{rel}","templated":true}]}}