{"id":2941,"date":"2026-03-12T23:56:05","date_gmt":"2026-03-12T23:56:05","guid":{"rendered":"https:\/\/gucy.robot-tonde-aspir.ch\/?post_type=product&#038;p=2941"},"modified":"2026-03-12T23:56:09","modified_gmt":"2026-03-12T23:56:09","slug":"tondeuse-debroussailleuse-autoportee-tuareg-92-evo-k","status":"publish","type":"product","link":"https:\/\/robottond-autoporte.ch\/de\/produkt\/tondeuse-debroussailleuse-autoportee-tuareg-92-evo-k\/","title":{"rendered":"Tondeuse d\u00e9broussailleuse autoport\u00e9e TUAREG 92 EVO K"},"content":{"rendered":"<p>La tondeuse d\u00e9broussailleuse autoport\u00e9e TUAREG 92 EVO K est dot\u00e9e d\u2019un moteur 4 temps EMAK K2400 AVD de 708 cm\u00b3.<\/p>\n<p>Gr\u00e2ce \u00e0 son robuste groupe de coupe (monolame \u00e0 extr\u00e9mit\u00e9s flottantes), elle permet d\u2019intervenir dans toutes les conditions o\u00f9 l\u2019emploi d\u2019une d\u00e9broussailleuse normale s\u2019av\u00e8re difficile. Elle est id\u00e9ale sur les grandes surfaces o\u00f9 se trouvent arbustes, buissons, rejets ou encore en sous-bois.<\/p>\n<p>Les roues agraires de grandes dimensions et le centre de gravit\u00e9 abaiss\u00e9 assurent une stabilit\u00e9 optimale m\u00eame sur terrains accident\u00e9s ou en pente ce qui permet l\u2019utilisation \u00e0 proximit\u00e9 de cours d\u2019eau ou de foss\u00e9s.<\/p>\n<p>Les nombreux dispositifs de s\u00e9rie simplifient le travail de l\u2019op\u00e9rateur et garantissent un confort et une s\u00e9curit\u00e9 totale durant l\u2019utilisation :<\/p>\n<ul>\n<li>Embrayage \u00e9lectromagn\u00e9tique des lames<\/li>\n<li>Transmission hydrostatique avec r\u00e9gulation de vitesse MICRODRIVE<\/li>\n<li>Blocage de diff\u00e9rentiel<\/li>\n<li>Arceau de s\u00e9curit\u00e9 repliable<\/li>\n<\/ul>","protected":false},"excerpt":{"rendered":"<p><strong>Moteur :<\/strong>\u00a0EMAK K 2400 AVD V-Twin bicylindre<br \/>\n<strong>Puissance :<\/strong>\u00a024 ch<br \/>\n<strong>Cylindr\u00e9e :<\/strong>\u00a0708 cm<sup>3<\/sup><br \/>\n<strong>Transmission :<\/strong>\u00a0hydrostatique<br \/>\n<strong>4 roues motrices :<\/strong>\u00a0\u2013<br \/>\n<strong>Pente maxi. :<\/strong>\u00a032% \u2013 18%<br \/>\n<strong>Blocage de diff\u00e9rentiel :<\/strong>\u00a0de s\u00e9rie<br \/>\n<strong>Embrayage \u00e9lectromagn\u00e9tique des lames :<\/strong>\u00a0de s\u00e9rie<br \/>\n<strong>R\u00e9gulateur de vitesse :<\/strong>\u00a0de s\u00e9rie<br \/>\n<strong>Largeur de coupe :<\/strong>\u00a092 cm<br \/>\n<strong>Hauteur de coupe :<\/strong>\u00a05 \u00e0 10 cm<br \/>\n<strong>Arceau de s\u00e9curit\u00e9 :<\/strong>\u00a0de s\u00e9rie<br \/>\n<strong>Ceinture de s\u00e9curit\u00e9 :<\/strong>\u00a0\u2013<br \/>\n<strong>Compteur horaire :<\/strong>\u00a0de s\u00e9rie<br \/>\n<strong>Pare-chocs avant et arri\u00e8re :<\/strong>\u00a0de s\u00e9rie<br \/>\n<strong>Phares avant :<\/strong>\u00a0de s\u00e9rie<br \/>\n<strong>Protections lat\u00e9rales :<\/strong>\u00a0de s\u00e9rie<br \/>\n<strong>Dimensions hors tout (L x l x h) :<\/strong>\u00a0231 x 101 x 151 cm<br \/>\n<strong>Surface recommand\u00e9e :<\/strong>\u00a0jusqu\u2019\u00e0 9 000 m<sup>2<\/sup><br \/>\n<strong>Poids :<\/strong>\u00a0317 kg<br \/>\n<strong>Garantie :<\/strong>\u00a02 ans<br \/>\n<strong>Disponibilit\u00e9 des pi\u00e8ces d\u00e9tach\u00e9es<\/strong>\u00a012 ans<\/p>","protected":false},"featured_media":2967,"comment_status":"closed","ping_status":"closed","template":"","meta":[],"product_brand":[],"product_cat":[47],"product_tag":[],"class_list":{"0":"post-2941","1":"product","2":"type-product","3":"status-publish","4":"has-post-thumbnail","6":"product_cat-tondeuses-debroussailleuses","8":"first","9":"instock","10":"taxable","11":"shipping-taxable","12":"purchasable","13":"product-type-simple"},"_links":{"self":[{"href":"https:\/\/robottond-autoporte.ch\/de\/wp-json\/wp\/v2\/product\/2941","targetHints":{"allow":["GET"]}}],"collection":[{"href":"https:\/\/robottond-autoporte.ch\/de\/wp-json\/wp\/v2\/product"}],"about":[{"href":"https:\/\/robottond-autoporte.ch\/de\/wp-json\/wp\/v2\/types\/product"}],"replies":[{"embeddable":true,"href":"https:\/\/robottond-autoporte.ch\/de\/wp-json\/wp\/v2\/comments?post=2941"}],"wp:featuredmedia":[{"embeddable":true,"href":"https:\/\/robottond-autoporte.ch\/de\/wp-json\/wp\/v2\/media\/2967"}],"wp:attachment":[{"href":"https:\/\/robottond-autoporte.ch\/de\/wp-json\/wp\/v2\/media?parent=2941"}],"wp:term":[{"taxonomy":"product_brand","embeddable":true,"href":"https:\/\/robottond-autoporte.ch\/de\/wp-json\/wp\/v2\/product_brand?post=2941"},{"taxonomy":"product_cat","embeddable":true,"href":"https:\/\/robottond-autoporte.ch\/de\/wp-json\/wp\/v2\/product_cat?post=2941"},{"taxonomy":"product_tag","embeddable":true,"href":"https:\/\/robottond-autoporte.ch\/de\/wp-json\/wp\/v2\/product_tag?post=2941"}],"curies":[{"name":"wp","href":"https:\/\/api.w.org\/{rel}","templated":true}]}}