{"id":2938,"date":"2026-03-12T23:56:04","date_gmt":"2026-03-12T23:56:04","guid":{"rendered":"https:\/\/gucy.robot-tonde-aspir.ch\/?post_type=product&#038;p=2938"},"modified":"2026-03-12T23:56:08","modified_gmt":"2026-03-12T23:56:08","slug":"debroussailleuse-umk-435-ele-honda","status":"publish","type":"product","link":"https:\/\/robottond-autoporte.ch\/de\/produkt\/debroussailleuse-umk-435-ele-honda\/","title":{"rendered":"D\u00e9broussailleuse UMK 435 ELE HONDA"},"content":{"rendered":"<p><b>Acc\u00e9dez aux moindres recoins<\/b><\/p>\n<p>Con\u00e7ues pour \u00eatre confortables \u00e0 utiliser quel que soit la puissance, nos d\u00e9broussailleuses offrent tout l\u2019agr\u00e9ment n\u00e9cessaire pour une utilisation optimale, m\u00eame dans les situations les plus difficiles.<\/p>\n<p><b>Un savoir-faire ind\u00e9niable<\/b><\/p>\n<p><b>Si vous \u00eates jardinier ou paysagiste, il existe une d\u00e9broussailleuse taill\u00e9e pour vous. Elle fera tout ce que vous lui demanderez ! et bien plus encore.<\/b><\/p>\n<p>Faciles \u00e0 d\u00e9marrer avec leur volant moteur ultra-l\u00e9ger, les moteurs 4-temps, silencieux et fluides, sont les plus l\u00e9gers et les plus compacts de leur cat\u00e9gorie, alors que leurs niveaux d\u2019\u00e9missions sont les plus bas du secteur. Leur transmission sans \u00e0-coups gr\u00e2ce \u00e0 l\u2019embrayage antivibrations vous isole des vibrations fatigantes au niveau des bras. Ainsi, une fois le travail termin\u00e9, il vous restera suffisamment de forces pour savourer un th\u00e9 ou une caf\u00e9 bien m\u00e9rit\u00e9.<\/p>\n<p><b>Harnais confortable<\/b><\/p>\n<p>Pour travailler dans des conditions confortables, le harnais s\u2019enfile parfaitement autour de vos \u00e9paules gr\u00e2ce \u00e0 ses cinq r\u00e9glages diff\u00e9rents. Il est \u00e9galement dot\u00e9 d\u2019une jambi\u00e8re et d\u2019un syst\u00e8me de porte-crochet \u00e0 d\u00e9verrouillage rapide pour plus de s\u00e9curit\u00e9.<\/p>\n<p><b>Une tape sur la t\u00eate<\/b><\/p>\n<p><b>Il est primordial de maintenir la ligne de coupe \u00e0 la bonne longueur lors de l\u2019utilisation de la t\u00eate nylon lorsque l\u2019on d\u00e9broussaille des herbes hautes et des mauvaises herbes.<\/b><\/p>\n<p>Les d\u00e9broussailleuses Honda disposent d\u2019un syst\u00e8me semi-automatique d\u2019alimentation en fil de coupe. Lorsque le fil commence \u00e0 s\u2019user, les performances de coupe diminuent. Lorsque c\u2019est le cas, il suffit de taper la t\u00eate sur le sol pour lib\u00e9rer le fil automatiquement. Plus besoin d\u2019arr\u00eater le moteur pour effectuer le r\u00e9glage, \u00e0 l\u2019inverse des autres machines. Nous proposons \u00e9galement un fil de coupe plus r\u00e9sistant pour le d\u00e9broussaillage des herbages r\u00e9calcitrants et les travaux professionnels.<\/p>\n<p>Jardins loisirs restent \u00e0 votre disposition pour toutes les pi\u00e8ces d\u2019usure, consommables et l\u2019entretien de votre d\u00e9broussailleuse tout au long de l\u2019ann\u00e9e.<\/p>","protected":false},"excerpt":{"rendered":"<p><b>Avantages du produit<\/b><\/p>\n<p>Moteur 4 temps \u00e0 lubrification toute positions, poids l\u00e9ger pour une maniabilit\u00e9 exceptionnelle<\/p>\n<p><b>Conseil du pro<\/b><\/p>\n<p>Assembl\u00e9 en France<\/p>\n<p><b>Moteur<\/b><\/p>\n<p>Honda GX 35 \u2013 d\u00e9marrage lanceur<\/p>\n<p><b>Cylindr\u00e9e (cm3)<\/b><\/p>\n<p>35 cm\u00b3 \/ 1,0 kW<\/p>\n<p><b>Tube \/ Perche<\/b><\/p>\n<p>Tube Droit \u2013 arbre de transmission rigide<\/p>\n<p><b>Poids<\/b><\/p>\n<p>7,2 kg<\/p>\n<p><b>Accessoire(s) inclu(s)<\/b><\/p>\n<p>Lunettes de protection<\/p>\n<p><b>Conditionnement<\/b><\/p>\n<p>En carton, sans huile ni carburant.<\/p>\n<p><b>Garantie<\/b><\/p>\n<p>2 ans<\/p>\n<p><b>Outils fournis<\/b><\/p>\n<p>t\u00eate fil semi-automatique Tap\u2019n Go \u2013 lame 3 dents<\/p>\n<p><b>Portage<\/b><\/p>\n<p>Poign\u00e9e ronde \u2013 bretelle<\/p>\n<p><b>Dimensions<\/b><\/p>\n<p>(L x l x h) 1870 x 384 x 258 mm<\/p>\n<p><b>Pour coupe de (mm)<\/b><\/p>\n<p>de 1.6 \u00e0 3 mm<\/p>","protected":false},"featured_media":2962,"comment_status":"open","ping_status":"closed","template":"","meta":[],"product_brand":[33],"product_cat":[47],"product_tag":[],"class_list":{"0":"post-2938","1":"product","2":"type-product","3":"status-publish","4":"has-post-thumbnail","6":"product_brand-honda","7":"product_cat-tondeuses-debroussailleuses","9":"first","10":"instock","11":"taxable","12":"shipping-taxable","13":"purchasable","14":"product-type-simple"},"_links":{"self":[{"href":"https:\/\/robottond-autoporte.ch\/de\/wp-json\/wp\/v2\/product\/2938","targetHints":{"allow":["GET"]}}],"collection":[{"href":"https:\/\/robottond-autoporte.ch\/de\/wp-json\/wp\/v2\/product"}],"about":[{"href":"https:\/\/robottond-autoporte.ch\/de\/wp-json\/wp\/v2\/types\/product"}],"replies":[{"embeddable":true,"href":"https:\/\/robottond-autoporte.ch\/de\/wp-json\/wp\/v2\/comments?post=2938"}],"wp:featuredmedia":[{"embeddable":true,"href":"https:\/\/robottond-autoporte.ch\/de\/wp-json\/wp\/v2\/media\/2962"}],"wp:attachment":[{"href":"https:\/\/robottond-autoporte.ch\/de\/wp-json\/wp\/v2\/media?parent=2938"}],"wp:term":[{"taxonomy":"product_brand","embeddable":true,"href":"https:\/\/robottond-autoporte.ch\/de\/wp-json\/wp\/v2\/product_brand?post=2938"},{"taxonomy":"product_cat","embeddable":true,"href":"https:\/\/robottond-autoporte.ch\/de\/wp-json\/wp\/v2\/product_cat?post=2938"},{"taxonomy":"product_tag","embeddable":true,"href":"https:\/\/robottond-autoporte.ch\/de\/wp-json\/wp\/v2\/product_tag?post=2938"}],"curies":[{"name":"wp","href":"https:\/\/api.w.org\/{rel}","templated":true}]}}