{"id":2936,"date":"2026-03-12T23:56:04","date_gmt":"2026-03-12T23:56:04","guid":{"rendered":"https:\/\/gucy.robot-tonde-aspir.ch\/?post_type=product&#038;p=2936"},"modified":"2026-03-12T23:56:06","modified_gmt":"2026-03-12T23:56:06","slug":"husqvarna-ts-142-l-tondeuses-autoportee-neuf","status":"publish","type":"product","link":"https:\/\/robottond-autoporte.ch\/de\/produkt\/husqvarna-ts-142-l-tondeuses-autoportee-neuf\/","title":{"rendered":"Husqvarna TS 142 L \u2013 tondeuses autoport\u00e9e neuf"},"content":{"rendered":"<div class=\"product-tabs-wrapper\">\n<div class=\"container\">\n<div class=\"row\">\n<div class=\"col-12 poduct-tabs-inner\">\n<div class=\"woocommerce-tabs wc-tabs-wrapper tabs-layout-tabs\" data-state=\"first\" data-layout=\"tabs\">\n<div class=\"wd-accordion-item\">\n<div id=\"tab-description\" class=\"entry-content woocommerce-Tabs-panel woocommerce-Tabs-panel--description wd-active panel wc-tab\" role=\"tabpanel\" aria-labelledby=\"tab-title-description\" data-accordion-index=\"description\">\n<div class=\"wc-tab-inner\">\n<p>Mod\u00e8le \u00e0 \u00e9jection lat\u00e9rale \u00e9quip\u00e9 d\u2019un carter de coupe de 107 cm et d\u2019une bo\u00eete hydrostatique command\u00e9e par levier.<\/p>\n<p>Il est dot\u00e9 d\u2019un moteur avec starter automatique.<\/p>\n<p>Il peut \u00eatre \u00e9quip\u00e9 d\u2019un bac de ramassage et d\u2019un kit mulching.<\/p>\n<p>Il est \u00e9quip\u00e9 d\u2019un indicateur de charge de la batterie et d\u2019une connexion rapide au chargeur . Mod\u00e8le tr\u00e8s robuste gr\u00e2ce \u00e0 son train avant en fonte.<\/p>\n<p>Essieu avant lourd : Le poids de l\u2019essieu avant contribue \u00e0 un meilleur \u00e9quilibre et \u00e0 une grande stabilit\u00e9, m\u00eame quand le collecteur est plein.<\/p>\n<p>Compteur horaire avec rappel de maintenance : Il indique quand il est temps d\u2019effectuer la maintenance du tracteur<\/p>\n<p>Embout pour tuyau d\u2019arrosage sur le carter de coupe : Raccordez votre tuyau d\u2019arrosage \u00e0 l\u2019orifice afin de nettoyer la partie inf\u00e9rieure du plateau de coupe.<\/p>\n<p>Carter de coupe Epoxy : Le carter de coupe en peinture Epoxy am\u00e9liore sa durabilit\u00e9 et offre une plus grande r\u00e9sistance \u00e0 la corrosion.<\/p>\n<p>Volant ergonomique : Volant confortable, avec un angle id\u00e9al pour une conduite optimale<\/p>\n<p>R\u00e9glage de la hauteur de coupe assist\u00e9 par ressort : Le dispositif de r\u00e9glage de la hauteur de coupe est facilement accessible pour une ergonomie id\u00e9ale. Un syst\u00e8me de compensation \u00e0 ressort facilite le r\u00e9glage de la hauteur de coupe.<\/p>\n<p>Si\u00e8ge r\u00e9glable et inclinable : La position du si\u00e8ge peut \u00eatre ajust\u00e9e une fois assis. Il se d\u00e9place en avant et vers le bas ou en arri\u00e8re et vers le haut.<\/p>\n<p>Pneumatiques larges : Larges pneus pour une faible pression au sol et une meilleure adh\u00e9rence.<\/p>\n<p>Garantie 2 ans<\/p>\n<p>Livraison gratuite en 48h<\/p>\n<p>FICHE TECHNIQUE<\/p>\n<p>\u00c9valuations<\/p>\n<p>Tondeuse Autoport\u00e9e HUSQVARNA TS 142 L<\/p>\n<p>Tondeuse Tracteur Husqvarna TS 142 L en 107 cm<\/p>\n<p>S\u00e9rie 100<\/p>\n<p>Moteur 4 temps fonctionnant \u00e0 l\u2019essence<\/p>\n<p>Moteur Briggs &amp; Stratton Intek<\/p>\n<p>Cylindr\u00e9e : 500 cm3<\/p>\n<p>Puissance : 8.6 kW ; 11.68 Cv<\/p>\n<p>Largeur de coupe de la tondeuse : 107 cm<\/p>\n<p>Transmission hydrostatique au pied<\/p>\n<p>6 positions de coupe : 38-102 cm<\/p>\n<p>R\u00e9glage de la hauteur de coupe par palier<\/p>\n<p>Avantages du produit : Essieu avant en fonte; bo\u00eete hydrostatique; grande largeur de coupe<\/p>\n<p>Surface conseill\u00e9e max 6000 m2<\/p>\n<\/div>\n<\/div>\n<\/div>\n<\/div>\n<\/div>\n<\/div>\n<\/div>\n<\/div>","protected":false},"excerpt":{"rendered":"<p>Mod\u00e8le \u00e0 \u00e9jection lat\u00e9rale \u00e9quip\u00e9 d\u2019un carter de coupe de 107 cm et d\u2019une bo\u00eete hydrostatique command\u00e9e par levier. Il<\/p>","protected":false},"featured_media":2958,"comment_status":"open","ping_status":"closed","template":"","meta":[],"product_brand":[35],"product_cat":[47],"product_tag":[],"class_list":{"0":"post-2936","1":"product","2":"type-product","3":"status-publish","4":"has-post-thumbnail","6":"product_brand-husqvarna","7":"product_cat-tondeuses-debroussailleuses","9":"first","10":"instock","11":"taxable","12":"shipping-taxable","13":"purchasable","14":"product-type-simple"},"_links":{"self":[{"href":"https:\/\/robottond-autoporte.ch\/de\/wp-json\/wp\/v2\/product\/2936","targetHints":{"allow":["GET"]}}],"collection":[{"href":"https:\/\/robottond-autoporte.ch\/de\/wp-json\/wp\/v2\/product"}],"about":[{"href":"https:\/\/robottond-autoporte.ch\/de\/wp-json\/wp\/v2\/types\/product"}],"replies":[{"embeddable":true,"href":"https:\/\/robottond-autoporte.ch\/de\/wp-json\/wp\/v2\/comments?post=2936"}],"wp:featuredmedia":[{"embeddable":true,"href":"https:\/\/robottond-autoporte.ch\/de\/wp-json\/wp\/v2\/media\/2958"}],"wp:attachment":[{"href":"https:\/\/robottond-autoporte.ch\/de\/wp-json\/wp\/v2\/media?parent=2936"}],"wp:term":[{"taxonomy":"product_brand","embeddable":true,"href":"https:\/\/robottond-autoporte.ch\/de\/wp-json\/wp\/v2\/product_brand?post=2936"},{"taxonomy":"product_cat","embeddable":true,"href":"https:\/\/robottond-autoporte.ch\/de\/wp-json\/wp\/v2\/product_cat?post=2936"},{"taxonomy":"product_tag","embeddable":true,"href":"https:\/\/robottond-autoporte.ch\/de\/wp-json\/wp\/v2\/product_tag?post=2936"}],"curies":[{"name":"wp","href":"https:\/\/api.w.org\/{rel}","templated":true}]}}