{"id":2809,"date":"2026-03-12T23:52:05","date_gmt":"2026-03-12T23:52:05","guid":{"rendered":"https:\/\/gucy.robot-tonde-aspir.ch\/?post_type=product&#038;p=2809"},"modified":"2026-03-12T23:54:21","modified_gmt":"2026-03-12T23:54:21","slug":"einhell-freelexo-500","status":"publish","type":"product","link":"https:\/\/robottond-autoporte.ch\/de\/produkt\/einhell-freelexo-500\/","title":{"rendered":"Einhell Freelexo 500"},"content":{"rendered":"<p>Le robot-tondeuse FREELEXO\u00a0500 Einhell assure l\u2019entretien parfait de votre gazon. Ce robot-tondeuse fait partir de la puissante gamme Power\u00a0X-Change Einhell qui offre une flexibilit\u00e9 illimit\u00e9e entre les produits qui la composent. Le robot-tondeuse FREELEXO comprend de nombreuses fonctions comme les programmes de tonte Multizones, Tonte cibl\u00e9e (Spot-Mowing) et Zone secondaire. Il tond ainsi non seulement la surface de gazon principale, mais peut aussi atteindre des zones plus \u00e9loign\u00e9es et difficiles d\u2019acc\u00e8s ainsi que les surfaces secondaires\u00a0; sa hauteur de coupe est r\u00e9glable entre 30\u00a0mm et 60\u00a0mm. Outre les programmes de tonte, il est \u00e9galement possible de param\u00e9trer et de programmer avec pr\u00e9cision des heures de tonte. Les r\u00e9glages s\u2019effectuent soit au moyen de l\u2019app. mobile tr\u00e8s pratique Einhell Connect, soit directement via un pav\u00e9 de commande intuitif avec \u00e9cran LED. L\u2019app. mobile et le robot-tondeuse communiquent par Bluetooth ou via le r\u00e9seau WiFi. La technologie Over-the-Air (OTA) int\u00e9gr\u00e9e permet d\u2019installer les derni\u00e8res mises \u00e0 jour du firmware automatiquement sur le robot-tondeuse pendant la nuit via une connexion WiFi, sans n\u00e9cessiter de cl\u00e9 USB. L\u2019int\u00e9gration au r\u00e9seau domestique permet en outre d\u2019effectuer des r\u00e9glages \u00e0 distance. Plusieurs capteurs (de choc, de renversement et de soul\u00e8vement) sont int\u00e9gr\u00e9s pour assurer la s\u00e9curit\u00e9 du robot-tondeuse. Le capteur de pluie prot\u00e8ge la pelouse et renvoie automatiquement le robot-tondeuse \u00e0 la station de charge en cas de pluie. Le robot-tondeuse FREELEXO est prot\u00e9g\u00e9 contre le vol au moyen d\u2019un code PIN. Le robot-tondeuse revient automatiquement \u00e0 la station de charge. La hauteur de coupe est r\u00e9glable en continu via un syst\u00e8me centralis\u00e9 situ\u00e9 sur le carter du robot-tondeuse. Accompagn\u00e9 d\u2019un ensemble complet d\u2019accessoires d\u2019installation, le robot-tondeuse FREELEXO\u00a0500 est con\u00e7u pour des surfaces jusqu\u2019\u00e0 500\u00a0m\u00b2 et des pentes maximales de 35\u00a0%. Prot\u00e9g\u00e9 contre les projections d\u2019eau selon la classe d\u2019\u00e9tanch\u00e9it\u00e9 IPX5, le robot-tondeuse se nettoie facilement. Le mat\u00e9riel d\u2019installation fourni comprend 190\u00a0crochets et 6\u00a0vis de fixation, 3\u00a0pinces de raccordement et un c\u00e2ble p\u00e9riph\u00e9rique de 130\u00a0m. Sont \u00e9galement inclus une batterie 2,5\u00a0Ah\u00a0Plus Power\u00a0X-Change, une station de charge et 3\u00a0lames de rechange.<\/p>","protected":false},"excerpt":{"rendered":"<div id=\"technical-details\" class=\"section-row -padded-wide--mod-top-only -in-viewport\" data-anchornav=\"Informations techniques\">\n<div class=\"col-wrapper -max-width-limited -decrease-width\">\n<div class=\"col\">\n<div class=\"content-item module-headline-paragraph headline paragraph -color-headline-black\">\n<h2 class=\"heading delta\">Informations techniques<\/h2>\n<\/div>\n<div class=\"content-item module-table -styling-beta -div-based\">\n<div class=\"table__table table\">\n<div class=\"tbody\">\n<div class=\"-show tr tr-odd\">\n<div class=\"td\"><span class=\"bold\">App mobile<\/span><\/div>\n<div class=\"td\">true<\/div>\n<\/div>\n<div class=\"-show tr tr-even\">\n<div class=\"td\"><span class=\"bold\">Hauteur de coupe max.<\/span><\/div>\n<div class=\"td\">60 mm<\/div>\n<\/div>\n<div class=\"-show tr tr-odd\">\n<div class=\"td\"><span class=\"bold\">Hauteur de coupe min.<\/span><\/div>\n<div class=\"td\">30 mm<\/div>\n<\/div>\n<div class=\"-show tr tr-even\">\n<div class=\"td\"><span class=\"bold\">Indice de protection IP<\/span><\/div>\n<div class=\"td\">IPX5<\/div>\n<\/div>\n<div class=\"-show tr tr-odd\">\n<div class=\"td\"><span class=\"bold\">Largeur de coupe<\/span><\/div>\n<div class=\"td\">18 cm<\/div>\n<\/div>\n<div class=\"-show tr tr-even\">\n<div class=\"td\"><span class=\"bold\">Longueur du cordon d\u2019alimentation de la station de charge<\/span><\/div>\n<div class=\"td\">120 cm<\/div>\n<\/div>\n<div class=\"-show tr tr-odd\">\n<div class=\"td\"><span class=\"bold\">Longueur du c\u00e2ble p\u00e9riph\u00e9rique inclus<\/span><\/div>\n<div class=\"td\">130 m<\/div>\n<\/div>\n<div class=\"-show tr tr-even\">\n<div class=\"td\"><span class=\"bold\">Mod\u00e8le de moteur<\/span><\/div>\n<div class=\"td\">Moteur BRUSHLESS<\/div>\n<\/div>\n<div class=\"-show tr tr-odd\">\n<div class=\"td\"><span class=\"bold\">Niveau de puissance sonore (volume)<\/span><\/div>\n<div class=\"td\">61 dB (A)<\/div>\n<\/div>\n<div class=\"-show tr tr-even\">\n<div class=\"td\"><span class=\"bold\">Nombre de batteries incluses dans la livraison<\/span><\/div>\n<div class=\"td\">1 pcs<\/div>\n<\/div>\n<div class=\"-show tr tr-odd\">\n<div class=\"td\"><span class=\"bold\">Nombre de crochets de fixation inclus<\/span><\/div>\n<div class=\"td\">190 pcs<\/div>\n<\/div>\n<div class=\"-show tr tr-even\">\n<div class=\"td\"><span class=\"bold\">Nombre de pinces de connexion incluses dans la livraison<\/span><\/div>\n<div class=\"td\">3 pcs<\/div>\n<\/div>\n<div class=\"-show tr tr-odd\">\n<div class=\"td\"><span class=\"bold\">Pente max. de la surface de tonte<\/span><\/div>\n<div class=\"td\">35 %<\/div>\n<\/div>\n<div class=\"-show tr tr-even\">\n<div class=\"td\"><span class=\"bold\">Poids du produit<\/span><\/div>\n<div class=\"td\">9.89 Kg<\/div>\n<\/div>\n<div class=\"-show tr tr-odd\">\n<div class=\"td\"><span class=\"bold\">R\u00e9glage de la hauteur de coupe en continu<\/span><\/div>\n<div class=\"td\">true<\/div>\n<\/div>\n<div class=\"-show tr tr-even\">\n<div class=\"td\"><span class=\"bold\">Surface de gazon max. recommand\u00e9e<\/span><\/div>\n<div class=\"td\">500 m\u00b2<\/div>\n<\/div>\n<div class=\"-show tr tr-odd\">\n<div class=\"td\"><span class=\"bold\">Tension du moteur<\/span><\/div>\n<div class=\"td\">18 V<\/div>\n<\/div>\n<\/div>\n<\/div>\n<\/div>\n<\/div>\n<\/div>\n<\/div>\n<div class=\"section-row -padded-wide--mod-top-only amazon-a\">\n<div class=\"col-wrapper l-2col l-2col-b2-50-50 l-2col-b2-50-50--normal -max-width-limited\">\n<div class=\"col col-one\">\n<div class=\"content-item module-headline-paragraph headline paragraph -color-headline-black\">\n<h2 class=\"-color-alpha heading beta\">Service a\u00e9rien pour le FREELEXO<\/h2>\n<h3 class=\"heading epsilon\">Mises \u00e0 jour Over-the-Air (OTA) \u2013 sans aucun \u00e9quipement mat\u00e9riel\u00a0!<\/h3>\n<p>Jamais les mises \u00e0 jour n\u2019ont \u00e9t\u00e9 aussi simples\u00a0: Les mises \u00e0 jour du firmware sont install\u00e9es automatiquement pendant la nuit sur le robot-tondeuse FREELEXO\u00a0500 Einhell gr\u00e2ce \u00e0 son int\u00e9gration dans le r\u00e9seau sans fil domestique. La connexion au r\u00e9seau sans fil domestique permet \u00e9galement de commander et programmer l\u2019appareil \u00e0 distance. Une fois dans le jardin, il se commande facilement par Bluetooth via la connexion \u00e0 l\u2019application mobile Einhell Connect.<\/p>\n<\/div>\n<\/div>\n<\/div>\n<\/div>","protected":false},"featured_media":2914,"comment_status":"closed","ping_status":"closed","template":"","meta":[],"product_brand":[],"product_cat":[43],"product_tag":[],"class_list":{"0":"post-2809","1":"product","2":"type-product","3":"status-publish","4":"has-post-thumbnail","6":"product_cat-robots-tondeuses","8":"first","9":"instock","10":"taxable","11":"shipping-taxable","12":"purchasable","13":"product-type-simple"},"_links":{"self":[{"href":"https:\/\/robottond-autoporte.ch\/de\/wp-json\/wp\/v2\/product\/2809","targetHints":{"allow":["GET"]}}],"collection":[{"href":"https:\/\/robottond-autoporte.ch\/de\/wp-json\/wp\/v2\/product"}],"about":[{"href":"https:\/\/robottond-autoporte.ch\/de\/wp-json\/wp\/v2\/types\/product"}],"replies":[{"embeddable":true,"href":"https:\/\/robottond-autoporte.ch\/de\/wp-json\/wp\/v2\/comments?post=2809"}],"wp:featuredmedia":[{"embeddable":true,"href":"https:\/\/robottond-autoporte.ch\/de\/wp-json\/wp\/v2\/media\/2914"}],"wp:attachment":[{"href":"https:\/\/robottond-autoporte.ch\/de\/wp-json\/wp\/v2\/media?parent=2809"}],"wp:term":[{"taxonomy":"product_brand","embeddable":true,"href":"https:\/\/robottond-autoporte.ch\/de\/wp-json\/wp\/v2\/product_brand?post=2809"},{"taxonomy":"product_cat","embeddable":true,"href":"https:\/\/robottond-autoporte.ch\/de\/wp-json\/wp\/v2\/product_cat?post=2809"},{"taxonomy":"product_tag","embeddable":true,"href":"https:\/\/robottond-autoporte.ch\/de\/wp-json\/wp\/v2\/product_tag?post=2809"}],"curies":[{"name":"wp","href":"https:\/\/api.w.org\/{rel}","templated":true}]}}