{"id":2806,"date":"2026-03-12T23:52:05","date_gmt":"2026-03-12T23:52:05","guid":{"rendered":"https:\/\/gucy.robot-tonde-aspir.ch\/?post_type=product&#038;p=2806"},"modified":"2026-03-12T23:54:14","modified_gmt":"2026-03-12T23:54:14","slug":"bosch-indego-m-700-0-600-8b0-303","status":"publish","type":"product","link":"https:\/\/robottond-autoporte.ch\/de\/produkt\/bosch-indego-m-700-0-600-8b0-303\/","title":{"rendered":"Bosch Indego M+ 700 | 0 600 8B0 303"},"content":{"rendered":"<h3 class=\"h4 text-muted mb-4\">Tondeuse robot Indego M+ 700 &#8211; BOSCH | 0 600 8B0 303\u00a0<small class=\"text-uppercase\">BOSCH | 06008B0303<\/small><\/h3>\n<div id=\"product-description\">\n<h2><strong>Tondeuse robot Indego M+ 700 &#8211; BOSCH | 0 600 8B0 303<\/strong><\/h2>\n<h3><strong>Description et accessoires livr\u00e9s avec la r\u00e9f\u00e9rence Tondeuse robot Indego M+ 700 &#8211; BOSCH | 0 600 8B0 303<\/strong><\/h3>\n<ul>\n<li>Tondeuse Robot Indego M+ 700 : Votre pelouse parfaite, sans effort !<\/li>\n<\/ul>\n<h3><strong>Caract\u00e9ristiques techniques Tondeuse robot Indego M+ 700 &#8211; BOSCH | 0 600 8B0 303<\/strong><\/h3>\n<ul>\n<li>Type de batterie: Lithium-ion<\/li>\n<li>Tension de la batterie: 18 V<\/li>\n<li>Dur\u00e9e de charge de la batterie: 60 min<\/li>\n<li>Autonomie des batteries: 70 min<\/li>\n<li>Surface de pelouse recommand\u00e9e: Jusqu\u2019\u00e0 700 m\u00b2<\/li>\n<li>Largeur de coupe: 19 cm<\/li>\n<li>Syst\u00e8me de coupe: TBC<\/li>\n<li>Poids: TBC<\/li>\n<li>Hauteur de coupe : Jusqu&rsquo;\u00e0 TBC<\/li>\n<li>R\u00e9glage de la hauteur de coupe: TBC<\/li>\n<li>Vitesse: TBC<\/li>\n<li>Batterie Interchangeable<\/li>\n<li>Moteur Brushless<\/li>\n<li>Version Connect\u00e9e<\/li>\n<li>Application Mobile d\u00e9di\u00e9e<\/li>\n<\/ul>\n<h3><strong>Provenance\u00a0de vos outils Bosch<\/strong><\/h3>\n<ul>\n<li>Tous les produits de la marque Bosch proviennent de chez Bosch France.<\/li>\n<li>Master outillage est distributeur officiel de la marque Bosch.<\/li>\n<li>Vous b\u00e9n\u00e9ficiez des services et de la garantie Bosch.<\/li>\n<li>En achetant sur master outillage, vous \u00eates inform\u00e9 en cas de rappel de produit.<\/li>\n<\/ul>\n<h3><strong>Garantie et S.A.V des outils et Accessoires Bosch<\/strong><\/h3>\n<p>L&rsquo;outillage Bosch est garantie contractuellement, conform\u00e9ment aux dispositions l\u00e9gales\/nationales.<br \/>\nLa dur\u00e9e de garantie est bas\u00e9e sur l&rsquo;usage qui est fait d&rsquo;un produit :<strong><br \/>\n<\/strong><\/p>\n<ul>\n<li>2 ans pour la gamme Bosch grand public.\u00a0<a href=\"https:\/\/www.master-outillage.com\/img\/cms\/Condition_garantie_bosch_professionnal.pdf\" target=\"_blank\" rel=\"nofollow noreferrer noopener\">(Voir conditions)<\/a><\/li>\n<li>1 an pour la gamme Bosch professionnelle.\u00a0<a href=\"https:\/\/www.master-outillage.com\/img\/cms\/Condition_garantie_bosch_professionnal.pdf\" target=\"_blank\" rel=\"nofollow noreferrer noopener\">(Voir conditions)<\/a><\/li>\n<\/ul>\n<p>La garantie correspond \u00e0 une utilisation normale de l&rsquo;outil. Elle couvre donc tous les d\u00e9fauts de fabrication ou de montage.<br \/>\nElle exclut les consommables, les avaries dues \u00e0 un mauvais usage, \u00e0 un entretien d\u00e9fectueux, \u00e0 l&rsquo;usure normale, \u00e0 une surcharge ou \u00e0 une utilisation d&rsquo;accessoires non pr\u00e9vus.<br \/>\nLa demande de garantie Bosch doit \u00eatre effectu\u00e9e lors de l&rsquo;envoi du mat\u00e9riel. Pour qu&rsquo;elle soit applicable, l&rsquo;outil Bosch doit \u00eatre retourn\u00e9 non ouvert et non d\u00e9mont\u00e9, accompagn\u00e9 de la preuve d&rsquo;achat.<\/p>\n<h3><strong>B\u00e9n\u00e9ficiez de l&rsquo;extension de garantie 3 ans pour l&rsquo;outillage \u00e9lectroportatif et 2 ans pour les batteries et les chargeurs<\/strong>\u00a0:<\/h3>\n<\/div>","protected":false},"excerpt":{"rendered":"<p>Tondeuse Robot Indego M+ 700 : Votre temps et votre \u00e9nergie sont pr\u00e9cieux, choisissez la tondeuse robot connect\u00e9e BOSCH pour une tonte efficace sans effort ! ( Pour des jardins jusqu&rsquo;\u00e0 700m\u00b2<\/p>","protected":false},"featured_media":2913,"comment_status":"closed","ping_status":"closed","template":"","meta":[],"product_brand":[],"product_cat":[43],"product_tag":[],"class_list":{"0":"post-2806","1":"product","2":"type-product","3":"status-publish","4":"has-post-thumbnail","6":"product_cat-robots-tondeuses","8":"first","9":"instock","10":"taxable","11":"shipping-taxable","12":"purchasable","13":"product-type-simple"},"_links":{"self":[{"href":"https:\/\/robottond-autoporte.ch\/de\/wp-json\/wp\/v2\/product\/2806","targetHints":{"allow":["GET"]}}],"collection":[{"href":"https:\/\/robottond-autoporte.ch\/de\/wp-json\/wp\/v2\/product"}],"about":[{"href":"https:\/\/robottond-autoporte.ch\/de\/wp-json\/wp\/v2\/types\/product"}],"replies":[{"embeddable":true,"href":"https:\/\/robottond-autoporte.ch\/de\/wp-json\/wp\/v2\/comments?post=2806"}],"wp:featuredmedia":[{"embeddable":true,"href":"https:\/\/robottond-autoporte.ch\/de\/wp-json\/wp\/v2\/media\/2913"}],"wp:attachment":[{"href":"https:\/\/robottond-autoporte.ch\/de\/wp-json\/wp\/v2\/media?parent=2806"}],"wp:term":[{"taxonomy":"product_brand","embeddable":true,"href":"https:\/\/robottond-autoporte.ch\/de\/wp-json\/wp\/v2\/product_brand?post=2806"},{"taxonomy":"product_cat","embeddable":true,"href":"https:\/\/robottond-autoporte.ch\/de\/wp-json\/wp\/v2\/product_cat?post=2806"},{"taxonomy":"product_tag","embeddable":true,"href":"https:\/\/robottond-autoporte.ch\/de\/wp-json\/wp\/v2\/product_tag?post=2806"}],"curies":[{"name":"wp","href":"https:\/\/api.w.org\/{rel}","templated":true}]}}