{"id":2804,"date":"2026-03-12T23:52:05","date_gmt":"2026-03-12T23:52:05","guid":{"rendered":"https:\/\/gucy.robot-tonde-aspir.ch\/?post_type=product&#038;p=2804"},"modified":"2026-03-12T23:54:14","modified_gmt":"2026-03-12T23:54:14","slug":"stihl-imow-rmi-422","status":"publish","type":"product","link":"https:\/\/robottond-autoporte.ch\/de\/produkt\/stihl-imow-rmi-422\/","title":{"rendered":"Stihl iMOW RMI 422"},"content":{"rendered":"<h3>L&rsquo;essentiel sur la Stihl iMOW RMI 422 P<\/h3>\n<ul>\n<li><strong>Fertilise naturellement la pelouse<\/strong><\/li>\n<li>Fonctionnement autonome<\/li>\n<li>Appropri\u00e9e\u00a0<strong>jusqu&rsquo;\u00e0 1500 m\u00b2<\/strong><\/li>\n<\/ul>\n<h3>Zoom sur ce robot tondeuse<\/h3>\n<p>Stihl, du nom de son fondateur Andreas Stihl qui fonde l&rsquo;entreprise en 1926, est une marque allemande produisant du\u00a0<strong>mat\u00e9riel de motoculture forestier<\/strong>, notamment des\u00a0<a title=\"\" href=\"https:\/\/www.idealo.fr\/cat\/19144\/tronconneuses.html\">tron\u00e7onneuses<\/a>. Distribu\u00e9e en France depuis 1950, elle propose tout type d&rsquo;\u00e9quipement destin\u00e9 \u00e0 l&rsquo;entretien et au nettoyage du jardin. Un robot tondeuse se d\u00e9place,\u00a0<strong>sans que vous ayez besoin d&rsquo;intervenir<\/strong>, sur une zone d\u00e9termin\u00e9e au pr\u00e9alable par un\u00a0<strong>c\u00e2ble\u00a0<\/strong><\/p>\n<p>&nbsp;<\/p>","protected":false},"excerpt":{"rendered":"<p>L&rsquo;essentiel sur la Stihl iMOW RMI 422 P Fertilise naturellement la pelouse Fonctionnement autonome Appropri\u00e9e\u00a0jusqu&rsquo;\u00e0 1500 m\u00b2 Zoom sur ce<\/p>","protected":false},"featured_media":2911,"comment_status":"closed","ping_status":"closed","template":"","meta":[],"product_brand":[46],"product_cat":[43],"product_tag":[],"class_list":{"0":"post-2804","1":"product","2":"type-product","3":"status-publish","4":"has-post-thumbnail","6":"product_brand-stihl","7":"product_cat-robots-tondeuses","9":"first","10":"instock","11":"taxable","12":"shipping-taxable","13":"purchasable","14":"product-type-simple"},"_links":{"self":[{"href":"https:\/\/robottond-autoporte.ch\/de\/wp-json\/wp\/v2\/product\/2804","targetHints":{"allow":["GET"]}}],"collection":[{"href":"https:\/\/robottond-autoporte.ch\/de\/wp-json\/wp\/v2\/product"}],"about":[{"href":"https:\/\/robottond-autoporte.ch\/de\/wp-json\/wp\/v2\/types\/product"}],"replies":[{"embeddable":true,"href":"https:\/\/robottond-autoporte.ch\/de\/wp-json\/wp\/v2\/comments?post=2804"}],"wp:featuredmedia":[{"embeddable":true,"href":"https:\/\/robottond-autoporte.ch\/de\/wp-json\/wp\/v2\/media\/2911"}],"wp:attachment":[{"href":"https:\/\/robottond-autoporte.ch\/de\/wp-json\/wp\/v2\/media?parent=2804"}],"wp:term":[{"taxonomy":"product_brand","embeddable":true,"href":"https:\/\/robottond-autoporte.ch\/de\/wp-json\/wp\/v2\/product_brand?post=2804"},{"taxonomy":"product_cat","embeddable":true,"href":"https:\/\/robottond-autoporte.ch\/de\/wp-json\/wp\/v2\/product_cat?post=2804"},{"taxonomy":"product_tag","embeddable":true,"href":"https:\/\/robottond-autoporte.ch\/de\/wp-json\/wp\/v2\/product_tag?post=2804"}],"curies":[{"name":"wp","href":"https:\/\/api.w.org\/{rel}","templated":true}]}}