{"id":2803,"date":"2026-03-12T23:52:05","date_gmt":"2026-03-12T23:52:05","guid":{"rendered":"https:\/\/gucy.robot-tonde-aspir.ch\/?post_type=product&#038;p=2803"},"modified":"2026-03-12T23:54:13","modified_gmt":"2026-03-12T23:54:13","slug":"worx-vision-cloud-rtk-m600-ai-stereo-20-cm-600-m%c2%b2","status":"publish","type":"product","link":"https:\/\/robottond-autoporte.ch\/de\/produkt\/worx-vision-cloud-rtk-m600-ai-stereo-20-cm-600-m%c2%b2\/","title":{"rendered":"WORX Vision Cloud RTK M600 AI st\u00e9r\u00e9o 20 cm\/600 m\u00b2,"},"content":{"rendered":"<ul class=\"ad_7d5z4x2 ad_yauxfn0 ad_yauxfn1 ad_wcphji1\">\n<li class=\"ad_wcphji3\">\n<div class=\"ad_wcphji4 ad_yauxfng ad_yauxfnh ad_wcphji6 ad_1l9fqro3\">Type d&rsquo;article<\/div>\n<div class=\"ad_wcphji4 ad_wcphji8 ad_1l9fqro2\">Tondeuse<\/div>\n<\/li>\n<li class=\"ad_wcphji3\">\n<div class=\"ad_wcphji4 ad_yauxfng ad_yauxfnh ad_wcphji6 ad_1l9fqro3\">Version<\/div>\n<div class=\"ad_wcphji4 ad_wcphji8 ad_1l9fqro2\">Tondeuse robot<\/div>\n<\/li>\n<li class=\"ad_wcphji3\">\n<div class=\"ad_wcphji4 ad_yauxfng ad_yauxfnh ad_wcphji6 ad_1l9fqro3\">Utilisation<\/div>\n<div class=\"ad_wcphji4 ad_wcphji8 ad_1l9fqro2\">Faucher, Paillage<\/div>\n<\/li>\n<li class=\"ad_wcphji3\">\n<div class=\"ad_wcphji4 ad_yauxfng ad_yauxfnh ad_wcphji6 ad_1l9fqro3\">Type d&rsquo;entra\u00eenement<\/div>\n<div class=\"ad_wcphji4 ad_wcphji8 ad_1l9fqro2\">Batterie<\/div>\n<\/li>\n<li class=\"ad_wcphji3\">\n<div class=\"ad_wcphji4 ad_yauxfng ad_yauxfnh ad_wcphji6 ad_1l9fqro3\">Tension de la batterie<\/div>\n<div class=\"ad_wcphji4 ad_wcphji8 ad_1l9fqro2\">20 V<\/div>\n<\/li>\n<li class=\"ad_wcphji3\">\n<div class=\"ad_wcphji4 ad_yauxfng ad_yauxfnh ad_wcphji6 ad_1l9fqro3\">Capacit\u00e9 de l&rsquo;accu<\/div>\n<div class=\"ad_wcphji4 ad_wcphji8 ad_1l9fqro2\">4 Ah<\/div>\n<\/li>\n<li class=\"ad_wcphji3\">\n<div class=\"ad_wcphji4 ad_yauxfng ad_yauxfnh ad_wcphji6 ad_1l9fqro3\">Technique de la batterie<\/div>\n<div class=\"ad_wcphji4 ad_wcphji8 ad_1l9fqro2\">Lithium-Ions<\/div>\n<\/li>\n<li class=\"ad_wcphji3\">\n<div class=\"ad_wcphji4 ad_yauxfng ad_yauxfnh ad_wcphji6 ad_1l9fqro3\">Largeur de coupe<\/div>\n<div class=\"ad_wcphji4 ad_wcphji8 ad_1l9fqro2\">20 cm<\/div>\n<\/li>\n<li class=\"ad_wcphji3\">\n<div class=\"ad_wcphji4 ad_yauxfng ad_yauxfnh ad_wcphji6 ad_1l9fqro3\">R\u00e9glage en hauteur<\/div>\n<div class=\"ad_wcphji4 ad_wcphji8 ad_1l9fqro2\">R\u00e9glage en hauteur \u00e0 plusieurs niveaux<\/div>\n<\/li>\n<li class=\"ad_wcphji3\">\n<div class=\"ad_wcphji4 ad_yauxfng ad_yauxfnh ad_wcphji6 ad_1l9fqro3\">Surface recommand\u00e9e<\/div>\n<div class=\"ad_wcphji4 ad_wcphji8 ad_1l9fqro2\">Pour jusqu&rsquo;\u00e0 600 m\u00b2<\/div>\n<\/li>\n<li class=\"ad_wcphji3\">\n<div class=\"ad_wcphji4 ad_yauxfng ad_yauxfnh ad_wcphji6 ad_1l9fqro3\">Couleur de base<\/div>\n<div class=\"ad_wcphji4 ad_wcphji8 ad_1l9fqro2\">Noir, Orange<\/div>\n<\/li>\n<li class=\"ad_wcphji3\">\n<div class=\"ad_wcphji4 ad_yauxfng ad_yauxfnh ad_wcphji6 ad_1l9fqro3\">D\u00e9termination de la zone de tonte<\/div>\n<div class=\"ad_wcphji4 ad_wcphji8 ad_1l9fqro2\">D\u00e9tection automatique de pelouse<\/div>\n<\/li>\n<li class=\"ad_wcphji3\">\n<div class=\"ad_wcphji4 ad_yauxfng ad_yauxfnh ad_wcphji6 ad_1l9fqro3\">Nombre de lames<\/div>\n<div class=\"ad_wcphji4 ad_wcphji8 ad_1l9fqro2\">3 Pi\u00e8ce(s)<\/div>\n<\/li>\n<li class=\"ad_wcphji3\">\n<div class=\"ad_wcphji4 ad_yauxfng ad_yauxfnh ad_wcphji6 ad_1l9fqro3\">Hauteur de coupe min &#8211; max<\/div>\n<div class=\"ad_wcphji4 ad_wcphji8 ad_1l9fqro2\">20 mm &#8211; 70 mm<\/div>\n<\/li>\n<li class=\"ad_wcphji3\">\n<div class=\"ad_wcphji4 ad_yauxfng ad_yauxfnh ad_wcphji6 ad_1l9fqro3\">Type de chargeur<\/div>\n<div class=\"ad_wcphji4 ad_wcphji8 ad_1l9fqro2\">Station de charge<\/div>\n<\/li>\n<li class=\"ad_wcphji3\">\n<div class=\"ad_wcphji4 ad_yauxfng ad_yauxfnh ad_wcphji6 ad_1l9fqro3\">Roues d&rsquo;entra\u00eenement<\/div>\n<div class=\"ad_wcphji4 ad_wcphji8 ad_1l9fqro2\">4 Pi\u00e8ce(s)<\/div>\n<\/li>\n<li class=\"ad_wcphji3\">\n<div class=\"ad_wcphji4 ad_yauxfng ad_yauxfnh ad_wcphji6 ad_1l9fqro3\">Capteurs<\/div>\n<div class=\"ad_wcphji4 ad_wcphji8 ad_1l9fqro2\">Sonde de pluie, Capteur de soul\u00e8vement<\/div>\n<\/li>\n<li class=\"ad_wcphji3\">\n<div class=\"ad_wcphji4 ad_yauxfng ad_yauxfnh ad_wcphji6 ad_1l9fqro3\">Protection contre le vol<\/div>\n<div class=\"ad_wcphji4 ad_wcphji8 ad_1l9fqro2\">Prot\u00e9g\u00e9 par code PIN<\/div>\n<\/li>\n<li class=\"ad_wcphji3\">\n<div class=\"ad_wcphji4 ad_yauxfng ad_yauxfnh ad_wcphji6 ad_1l9fqro3\">Accessoires fournis<\/div>\n<div class=\"ad_wcphji4 ad_wcphji8 ad_1l9fqro2\">station de recharge<\/div>\n<\/li>\n<\/ul>","protected":false},"excerpt":{"rendered":"<ul class=\"ad_7d5z4x2 ad_yauxfn0 ad_yauxfn1 ad_wcphji1\">\n<li class=\"ad_wcphji3\">\n<div class=\"ad_wcphji4 ad_yauxfng ad_yauxfnh ad_wcphji6 ad_1l9fqro3\">Accessoires disponibles<\/div>\n<div class=\"ad_wcphji4 ad_wcphji8 ad_1l9fqro2\">Cut to Edge, \u00e9clairage nocturne, lames, roues de rechange, garage, brosses de nettoyage<\/div>\n<\/li>\n<li class=\"ad_wcphji3\">\n<div class=\"ad_wcphji4 ad_yauxfng ad_yauxfnh ad_wcphji6 ad_1l9fqro3\">Domaine d&rsquo;utilisation<\/div>\n<div class=\"ad_wcphji4 ad_wcphji8 ad_1l9fqro2\">Ext\u00e9rieur<\/div>\n<\/li>\n<li class=\"ad_wcphji3\">\n<div class=\"ad_wcphji4 ad_yauxfng ad_yauxfnh ad_wcphji6 ad_1l9fqro3\">Entra\u00eenement de roue<\/div>\n<div class=\"ad_wcphji4 ad_wcphji8 ad_1l9fqro2\">4 roues motrices<\/div>\n<\/li>\n<li class=\"ad_wcphji3\">\n<div class=\"ad_wcphji4 ad_yauxfng ad_yauxfnh ad_wcphji6 ad_1l9fqro3\">Smartphone\/Tablette &#8211; Commande<\/div>\n<div class=\"ad_wcphji4 ad_wcphji8 ad_1l9fqro2\">Oui<\/div>\n<\/li>\n<li class=\"ad_wcphji3\">\n<div class=\"ad_wcphji4 ad_yauxfng ad_yauxfnh ad_wcphji6 ad_1l9fqro3\">Niveau de pression acoustique (LpA)<\/div>\n<div class=\"ad_wcphji4 ad_wcphji8 ad_1l9fqro2\">&#8211;<\/div>\n<\/li>\n<li class=\"ad_wcphji3\">\n<div class=\"ad_wcphji4 ad_yauxfng ad_yauxfnh ad_wcphji6 ad_1l9fqro3\">Niveau de puissance acoustique (LWA)<\/div>\n<div class=\"ad_wcphji4 ad_wcphji8 ad_1l9fqro2\">&#8211;<\/div>\n<\/li>\n<li class=\"ad_wcphji3\">\n<div class=\"ad_wcphji4 ad_yauxfng ad_yauxfnh ad_wcphji6 ad_1l9fqro3\">Propri\u00e9t\u00e9<\/div>\n<div class=\"ad_wcphji4 ad_wcphji8 ad_1l9fqro2\">Sans fil<\/div>\n<\/li>\n<li class=\"ad_wcphji3\">\n<div class=\"ad_wcphji4 ad_yauxfng ad_yauxfnh ad_wcphji6 ad_1l9fqro3\">Ergonomie via l&rsquo;application<\/div>\n<div class=\"ad_wcphji4 ad_wcphji8 ad_1l9fqro2\">Du domicile et de l&rsquo;ext\u00e9rieur<\/div>\n<\/li>\n<li class=\"ad_wcphji3\">\n<div class=\"ad_wcphji4 ad_yauxfng ad_yauxfnh ad_wcphji6 ad_1l9fqro3\">Mode de fonctionnement<\/div>\n<div class=\"ad_wcphji4 ad_wcphji8 ad_1l9fqro2\">Fonctionnement sur batterie<\/div>\n<\/li>\n<li class=\"ad_wcphji3\">\n<div class=\"ad_wcphji4 ad_yauxfng ad_yauxfnh ad_wcphji6 ad_1l9fqro3\">Syst\u00e8me<\/div>\n<div class=\"ad_wcphji4 ad_wcphji8 ad_1l9fqro2\">Worx PowerShare 20V<\/div>\n<\/li>\n<li class=\"ad_wcphji3\">\n<div class=\"ad_wcphji4 ad_yauxfng ad_yauxfnh ad_wcphji6 ad_1l9fqro3\">Possibilit\u00e9 de commande<\/div>\n<div class=\"ad_wcphji4 ad_wcphji8 ad_1l9fqro2\">Wi-Fi inclus, Fabricant de l&rsquo;appli (iOS et Android), Manuellement sur l&rsquo;appareil<\/div>\n<\/li>\n<li class=\"ad_wcphji3\">\n<div class=\"ad_wcphji4 ad_yauxfng ad_yauxfnh ad_wcphji6 ad_1l9fqro3\">Technologie<\/div>\n<div class=\"ad_wcphji4 ad_wcphji8 ad_1l9fqro2\">Technique AIA (Artificial Intelligence Algorythmn), Fonctionnement sur batterie, Moteur \u00e9lectrique sans balais, Lithium-Ions, Technologie Vision AI, WiFi, Assist\u00e9 par l\u2019IA, Cam\u00e9ra st\u00e9r\u00e9o, RTK-Cloud<\/div>\n<\/li>\n<li class=\"ad_wcphji3\">\n<div class=\"ad_wcphji4 ad_yauxfng ad_yauxfnh ad_wcphji6 ad_1l9fqro3\">Dur\u00e9e de chargement<\/div>\n<div class=\"ad_wcphji4 ad_wcphji8 ad_1l9fqro2\">80 min<\/div>\n<\/li>\n<li class=\"ad_wcphji3\">\n<div class=\"ad_wcphji4 ad_yauxfng ad_yauxfnh ad_wcphji6 ad_1l9fqro3\">Syst\u00e8me de batterie<\/div>\n<div class=\"ad_wcphji4 ad_wcphji8 ad_1l9fqro2\">Worx PowerShare 20V<\/div>\n<\/li>\n<li class=\"ad_wcphji3\">\n<div class=\"ad_wcphji4 ad_yauxfng ad_yauxfnh ad_wcphji6 ad_1l9fqro3\">EAN<\/div>\n<div class=\"ad_wcphji4 ad_wcphji8 ad_1l9fqro2\">6941504405325, 6941504411760<\/div>\n<\/li>\n<\/ul>","protected":false},"featured_media":2901,"comment_status":"closed","ping_status":"closed","template":"","meta":[],"product_brand":[],"product_cat":[43],"product_tag":[],"class_list":{"0":"post-2803","1":"product","2":"type-product","3":"status-publish","4":"has-post-thumbnail","6":"product_cat-robots-tondeuses","8":"first","9":"instock","10":"taxable","11":"shipping-taxable","12":"purchasable","13":"product-type-simple"},"_links":{"self":[{"href":"https:\/\/robottond-autoporte.ch\/de\/wp-json\/wp\/v2\/product\/2803","targetHints":{"allow":["GET"]}}],"collection":[{"href":"https:\/\/robottond-autoporte.ch\/de\/wp-json\/wp\/v2\/product"}],"about":[{"href":"https:\/\/robottond-autoporte.ch\/de\/wp-json\/wp\/v2\/types\/product"}],"replies":[{"embeddable":true,"href":"https:\/\/robottond-autoporte.ch\/de\/wp-json\/wp\/v2\/comments?post=2803"}],"wp:featuredmedia":[{"embeddable":true,"href":"https:\/\/robottond-autoporte.ch\/de\/wp-json\/wp\/v2\/media\/2901"}],"wp:attachment":[{"href":"https:\/\/robottond-autoporte.ch\/de\/wp-json\/wp\/v2\/media?parent=2803"}],"wp:term":[{"taxonomy":"product_brand","embeddable":true,"href":"https:\/\/robottond-autoporte.ch\/de\/wp-json\/wp\/v2\/product_brand?post=2803"},{"taxonomy":"product_cat","embeddable":true,"href":"https:\/\/robottond-autoporte.ch\/de\/wp-json\/wp\/v2\/product_cat?post=2803"},{"taxonomy":"product_tag","embeddable":true,"href":"https:\/\/robottond-autoporte.ch\/de\/wp-json\/wp\/v2\/product_tag?post=2803"}],"curies":[{"name":"wp","href":"https:\/\/api.w.org\/{rel}","templated":true}]}}