{"id":2795,"date":"2026-03-12T23:52:04","date_gmt":"2026-03-12T23:52:04","guid":{"rendered":"https:\/\/gucy.robot-tonde-aspir.ch\/?post_type=product&#038;p=2795"},"modified":"2026-03-12T23:53:38","modified_gmt":"2026-03-12T23:53:38","slug":"robot-tondeuse-robomow-rk2000-modele-2025-neuf","status":"publish","type":"product","link":"https:\/\/robottond-autoporte.ch\/de\/produkt\/robot-tondeuse-robomow-rk2000-modele-2025-neuf\/","title":{"rendered":"Robot tondeuse Robomow RK2000 &#8211; mod\u00e8le 2025-Neuf"},"content":{"rendered":"<p>Le \u00ab\u00a0Robot tondeuse Robomow RK2000 \u2013 mod\u00e8le 2025-Neuf\u00a0\u00bb incarne une avanc\u00e9e technique pour l&rsquo;entretien efficace de votre pelouse. Dot\u00e9 d&rsquo;une libert\u00e9 de mouvement exceptionnelle, cet appareil assure une coupe homog\u00e8ne et structur\u00e9e de votre gazon, lui conf\u00e9rant une apparence soign\u00e9e et uniforme, similaire \u00e0 celle d&rsquo;un tapis.<br \/>\nL&rsquo;\u00e9cran de commande int\u00e9gr\u00e9 permet d&rsquo;ajuster pr\u00e9cis\u00e9ment les r\u00e9glages du robot tondeuse selon les particularit\u00e9s de votre jardin. En cas de faible niveau de batterie, le RK2000 regagne automatiquement sa station de charge, garantissant ainsi une autonomie optimale sans interruption. La gestion de l&rsquo;appareil est simplifi\u00e9e gr\u00e2ce \u00e0 une application d\u00e9di\u00e9e, accessible via smartphone ou tablette.<br \/>\n\u00c9quip\u00e9 d&rsquo;un couteau robuste et puissant, le robot est r\u00e9sistant aux obstacles mineurs tels que les pommes de pin et les brindilles. Lors des p\u00e9riodes o\u00f9 la croissance de l&rsquo;herbe est r\u00e9duite, il adapte automatiquement son temps de tonte, pr\u00e9servant ainsi \u00e0 la fois l&rsquo;appareil et la pelouse.<br \/>\nLe robot tondeuse est \u00e9galement sensible aux conditions m\u00e9t\u00e9orologiques : en cas de pluie, il se retire automatiquement vers sa station de charge, reprenant son travail une fois les conditions redevenues favorables. Sa s\u00e9curit\u00e9 est renforc\u00e9e par un code PIN individuel qui le rend peu attrayant pour les voleurs.<br \/>\nLa grande lame du RK2000 le rend particuli\u00e8rement apte \u00e0 g\u00e9rer les jardins arbor\u00e9s. Fonctionnant sur batterie, cet outil requiert un entretien minimal, r\u00e9duisant ainsi les co\u00fbts de maintenance et les p\u00e9riodes d&rsquo;immobilisation. Le mode Eco optimise la consommation d&rsquo;\u00e9nergie en ajustant l&rsquo;alimentation du c\u00e2ble p\u00e9riph\u00e9rique durant la charge.<br \/>\nPour garantir un haut niveau de s\u00e9curit\u00e9, un capteur de levage stoppe la lame d\u00e8s que l&rsquo;appareil est soulev\u00e9. De plus, un capteur d&rsquo;inclinaison ajuste la direction si la pente maximale est atteinte, et en cas de retournement, le moteur et l&rsquo;entra\u00eenement sont imm\u00e9diatement arr\u00eat\u00e9s.<\/p>","protected":false},"excerpt":{"rendered":"<p>Robot tondeuse Robomow RK2000, mod\u00e8le 2025, offre une tonte pr\u00e9cise et efficace pour les pelouses jusqu&rsquo;\u00e0 2000 m\u00b2. \u00c9quip\u00e9 de moteurs DC sans balais, il assure une performance optimale et silencieuse. Sa batterie Li-ion de 18 V et 4,9 Ah garantit une autonomie prolong\u00e9e, avec un syst\u00e8me de charge automatique pour un fonctionnement sans souci. La largeur de coupe de 21 cm et la hauteur ajustable entre 20 et 100 mm permettent une personnalisation facile de la tonte. Dot\u00e9 de deux couteaux en acier triple, il optimise la coupe avec une addition de coupe jusqu&rsquo;\u00e0 45 %. Le syst\u00e8me de navigation al\u00e9atoire g\u00e8re jusqu&rsquo;\u00e0 5 zones distinctes, tandis que les capteurs d&rsquo;inclinaison et le verrouillage par code PIN renforcent la s\u00e9curit\u00e9.<\/p>","protected":false},"featured_media":2852,"comment_status":"closed","ping_status":"closed","template":"","meta":[],"product_brand":[],"product_cat":[43],"product_tag":[],"class_list":{"0":"post-2795","1":"product","2":"type-product","3":"status-publish","4":"has-post-thumbnail","6":"product_cat-robots-tondeuses","8":"first","9":"instock","10":"taxable","11":"shipping-taxable","12":"purchasable","13":"product-type-simple"},"_links":{"self":[{"href":"https:\/\/robottond-autoporte.ch\/de\/wp-json\/wp\/v2\/product\/2795","targetHints":{"allow":["GET"]}}],"collection":[{"href":"https:\/\/robottond-autoporte.ch\/de\/wp-json\/wp\/v2\/product"}],"about":[{"href":"https:\/\/robottond-autoporte.ch\/de\/wp-json\/wp\/v2\/types\/product"}],"replies":[{"embeddable":true,"href":"https:\/\/robottond-autoporte.ch\/de\/wp-json\/wp\/v2\/comments?post=2795"}],"wp:featuredmedia":[{"embeddable":true,"href":"https:\/\/robottond-autoporte.ch\/de\/wp-json\/wp\/v2\/media\/2852"}],"wp:attachment":[{"href":"https:\/\/robottond-autoporte.ch\/de\/wp-json\/wp\/v2\/media?parent=2795"}],"wp:term":[{"taxonomy":"product_brand","embeddable":true,"href":"https:\/\/robottond-autoporte.ch\/de\/wp-json\/wp\/v2\/product_brand?post=2795"},{"taxonomy":"product_cat","embeddable":true,"href":"https:\/\/robottond-autoporte.ch\/de\/wp-json\/wp\/v2\/product_cat?post=2795"},{"taxonomy":"product_tag","embeddable":true,"href":"https:\/\/robottond-autoporte.ch\/de\/wp-json\/wp\/v2\/product_tag?post=2795"}],"curies":[{"name":"wp","href":"https:\/\/api.w.org\/{rel}","templated":true}]}}