{"id":81,"date":"2026-02-07T15:13:47","date_gmt":"2026-02-07T15:13:47","guid":{"rendered":"https:\/\/robot-tonde-aspir.ch\/?page_id=81"},"modified":"2026-03-24T20:06:20","modified_gmt":"2026-03-24T20:06:20","slug":"accueil","status":"publish","type":"page","link":"https:\/\/robottond-autoporte.ch\/de\/","title":{"rendered":"Accueil"},"content":{"rendered":"<div data-elementor-type=\"wp-page\" data-elementor-id=\"81\" class=\"elementor elementor-81\">\n\t\t\t\t<div class=\"wd-negative-gap elementor-element elementor-element-368a917 e-flex e-con-boxed e-con e-parent\" data-id=\"368a917\" data-element_type=\"container\" data-e-type=\"container\">\n\t\t\t\t\t<div class=\"e-con-inner\">\n\t\t<div class=\"elementor-element elementor-element-9d49f1e e-con-full e-flex e-con e-child\" data-id=\"9d49f1e\" data-element_type=\"container\" data-e-type=\"container\">\n\t\t\t\t<div class=\"elementor-element elementor-element-9dc6299 elementor-widget elementor-widget-image\" data-id=\"9dc6299\" data-element_type=\"widget\" data-e-type=\"widget\" data-widget_type=\"image.default\">\n\t\t\t\t\t\t\t\t\t\t\t\t\t\t\t<img fetchpriority=\"high\" decoding=\"async\" width=\"700\" height=\"700\" src=\"https:\/\/robottond-autoporte.ch\/wp-content\/uploads\/2026\/03\/STAUB_TONDEUSEDEBROUSSAILLEUSE_9915038_SD517_G_BD_2013_web_1800x1800-700x700-1.png\" class=\"attachment-large size-large wp-image-2975\" alt=\"\" srcset=\"https:\/\/robottond-autoporte.ch\/wp-content\/uploads\/2026\/03\/STAUB_TONDEUSEDEBROUSSAILLEUSE_9915038_SD517_G_BD_2013_web_1800x1800-700x700-1.png 700w, https:\/\/robottond-autoporte.ch\/wp-content\/uploads\/2026\/03\/STAUB_TONDEUSEDEBROUSSAILLEUSE_9915038_SD517_G_BD_2013_web_1800x1800-700x700-1-300x300.png 300w, https:\/\/robottond-autoporte.ch\/wp-content\/uploads\/2026\/03\/STAUB_TONDEUSEDEBROUSSAILLEUSE_9915038_SD517_G_BD_2013_web_1800x1800-700x700-1-150x150.png 150w, https:\/\/robottond-autoporte.ch\/wp-content\/uploads\/2026\/03\/STAUB_TONDEUSEDEBROUSSAILLEUSE_9915038_SD517_G_BD_2013_web_1800x1800-700x700-1-600x600.png 600w, https:\/\/robottond-autoporte.ch\/wp-content\/uploads\/2026\/03\/STAUB_TONDEUSEDEBROUSSAILLEUSE_9915038_SD517_G_BD_2013_web_1800x1800-700x700-1-12x12.png 12w\" sizes=\"(max-width: 700px) 100vw, 700px\" \/>\t\t\t\t\t\t\t\t\t\t\t\t\t\t\t<\/div>\n\t\t\t\t<\/div>\n\t\t\t\t<div class=\"elementor-element elementor-element-b94819b elementor-widget elementor-widget-image\" data-id=\"b94819b\" data-element_type=\"widget\" data-e-type=\"widget\" data-widget_type=\"image.default\">\n\t\t\t\t\t\t\t\t\t\t\t\t\t\t\t<img decoding=\"async\" width=\"1024\" height=\"683\" src=\"https:\/\/robottond-autoporte.ch\/wp-content\/uploads\/2026\/03\/d5c8f39e3ceb8c0b-scaled-1-1024x683.jpg\" class=\"attachment-large size-large wp-image-3149\" alt=\"\" srcset=\"https:\/\/robottond-autoporte.ch\/wp-content\/uploads\/2026\/03\/d5c8f39e3ceb8c0b-scaled-1-1024x683.jpg 1024w, https:\/\/robottond-autoporte.ch\/wp-content\/uploads\/2026\/03\/d5c8f39e3ceb8c0b-scaled-1-150x100.jpg 150w, https:\/\/robottond-autoporte.ch\/wp-content\/uploads\/2026\/03\/d5c8f39e3ceb8c0b-scaled-1-600x400.jpg 600w, https:\/\/robottond-autoporte.ch\/wp-content\/uploads\/2026\/03\/d5c8f39e3ceb8c0b-scaled-1-300x200.jpg 300w, https:\/\/robottond-autoporte.ch\/wp-content\/uploads\/2026\/03\/d5c8f39e3ceb8c0b-scaled-1-768x512.jpg 768w, https:\/\/robottond-autoporte.ch\/wp-content\/uploads\/2026\/03\/d5c8f39e3ceb8c0b-scaled-1-1536x1024.jpg 1536w, https:\/\/robottond-autoporte.ch\/wp-content\/uploads\/2026\/03\/d5c8f39e3ceb8c0b-scaled-1-2048x1366.jpg 2048w, https:\/\/robottond-autoporte.ch\/wp-content\/uploads\/2026\/03\/d5c8f39e3ceb8c0b-scaled-1-18x12.jpg 18w\" sizes=\"(max-width: 1024px) 100vw, 1024px\" \/>\t\t\t\t\t\t\t\t\t\t\t\t\t\t\t<\/div>\n\t\t\t\t\t<\/div>\n\t\t\t\t<\/div>\n\t\t<div class=\"elementor-element elementor-element-fcf2197 e-flex e-con-boxed e-con e-parent\" data-id=\"fcf2197\" data-element_type=\"container\" data-e-type=\"container\">\n\t\t\t\t\t<div class=\"e-con-inner\">\n\t\t\t\t<div class=\"elementor-element elementor-element-39c041b color-scheme-inherit text-left elementor-widget elementor-widget-text-editor\" data-id=\"39c041b\" data-element_type=\"widget\" data-e-type=\"widget\" data-widget_type=\"text-editor.default\">\n\t\t\t\t\t\t\t\t\t<p><strong>\u2714 Livraison rapide en Suisse et Europe<\/strong><br \/><strong>\u2714 Produits test\u00e9s et garantis<\/strong><br \/><strong>\u2714 Paiement 100% s\u00e9curis\u00e9<\/strong><br \/><strong>\u2714 Support client r\u00e9actif<\/strong><\/p>\t\t\t\t\t\t\t\t<\/div>\n\t\t\t\t<div class=\"elementor-element elementor-element-710647b elementor-widget elementor-widget-image\" data-id=\"710647b\" data-element_type=\"widget\" data-e-type=\"widget\" data-widget_type=\"image.default\">\n\t\t\t\t\t\t\t\t\t\t\t\t\t\t\t<img decoding=\"async\" width=\"1024\" height=\"683\" src=\"https:\/\/robottond-autoporte.ch\/wp-content\/uploads\/2026\/03\/d5c8f39e386db97a-scaled-1-1024x683.jpg\" class=\"attachment-large size-large wp-image-3144\" alt=\"\" srcset=\"https:\/\/robottond-autoporte.ch\/wp-content\/uploads\/2026\/03\/d5c8f39e386db97a-scaled-1-1024x683.jpg 1024w, https:\/\/robottond-autoporte.ch\/wp-content\/uploads\/2026\/03\/d5c8f39e386db97a-scaled-1-150x100.jpg 150w, https:\/\/robottond-autoporte.ch\/wp-content\/uploads\/2026\/03\/d5c8f39e386db97a-scaled-1-600x400.jpg 600w, https:\/\/robottond-autoporte.ch\/wp-content\/uploads\/2026\/03\/d5c8f39e386db97a-scaled-1-300x200.jpg 300w, https:\/\/robottond-autoporte.ch\/wp-content\/uploads\/2026\/03\/d5c8f39e386db97a-scaled-1-768x512.jpg 768w, https:\/\/robottond-autoporte.ch\/wp-content\/uploads\/2026\/03\/d5c8f39e386db97a-scaled-1-1536x1024.jpg 1536w, https:\/\/robottond-autoporte.ch\/wp-content\/uploads\/2026\/03\/d5c8f39e386db97a-scaled-1-2048x1366.jpg 2048w, https:\/\/robottond-autoporte.ch\/wp-content\/uploads\/2026\/03\/d5c8f39e386db97a-scaled-1-18x12.jpg 18w\" sizes=\"(max-width: 1024px) 100vw, 1024px\" \/>\t\t\t\t\t\t\t\t\t\t\t\t\t\t\t<\/div>\n\t\t\t\t<div class=\"elementor-element elementor-element-c894cdc elementor-widget elementor-widget-heading\" data-id=\"c894cdc\" data-element_type=\"widget\" data-e-type=\"widget\" data-widget_type=\"heading.default\">\n\t\t\t\t\t<h2 class=\"elementor-heading-title elementor-size-default\">Robot tondeuse &amp; Jardinage intelligent<\/h2>\t\t\t\t<\/div>\n\t\t\t\t<div class=\"elementor-element elementor-element-18baffc color-scheme-inherit text-left elementor-widget elementor-widget-text-editor\" data-id=\"18baffc\" data-element_type=\"widget\" data-e-type=\"widget\" data-widget_type=\"text-editor.default\">\n\t\t\t\t\t\t\t\t\t<p>D\u00e9couvrez nos robots tondeuses et \u00e9quipements de jardin s\u00e9lectionn\u00e9s pour leur performance et leur fiabilit\u00e9. Simplifiez l\u2019entretien de votre ext\u00e9rieur d\u00e8s aujourd\u2019hui.<\/p>\t\t\t\t\t\t\t\t<\/div>\n\t\t\t\t\t<\/div>\n\t\t\t\t<\/div>\n\t\t<div class=\"wd-negative-gap elementor-element elementor-element-868e094 e-flex e-con-boxed e-con e-parent\" data-id=\"868e094\" data-element_type=\"container\" data-e-type=\"container\">\n\t\t\t\t\t<div class=\"e-con-inner\">\n\t\t\t\t<div class=\"elementor-element elementor-element-caba368 elementor-widget elementor-widget-button\" data-id=\"caba368\" data-element_type=\"widget\" data-e-type=\"widget\" data-widget_type=\"button.default\">\n\t\t\t\t\t\t\t\t\t\t<a class=\"elementor-button elementor-button-link elementor-size-sm\" href=\"https:\/\/robot-tonde-aspir.ch\/boutique\/\">\n\t\t\t\t\t\t<span class=\"elementor-button-content-wrapper\">\n\t\t\t\t\t\t\t\t\t<span class=\"elementor-button-text\">Acc\u00e9der \u00e0 la boutique<\/span>\n\t\t\t\t\t<\/span>\n\t\t\t\t\t<\/a>\n\t\t\t\t\t\t\t\t<\/div>\n\t\t\t\t\t<\/div>\n\t\t\t\t<\/div>\n\t\t<div class=\"wd-negative-gap elementor-element elementor-element-6babfb3 e-flex e-con-boxed e-con e-parent\" data-id=\"6babfb3\" data-element_type=\"container\" data-e-type=\"container\">\n\t\t\t\t\t<div class=\"e-con-inner\">\n\t\t\t\t\t<\/div>\n\t\t\t\t<\/div>\n\t\t\t\t<\/div>","protected":false},"excerpt":{"rendered":"<p>\u2714 Livraison rapide en Suisse et Europe\u2714 Produits test\u00e9s et garantis\u2714 Paiement 100% s\u00e9curis\u00e9\u2714 Support client r\u00e9actif Robot tondeuse &amp;<\/p>","protected":false},"author":1,"featured_media":0,"parent":0,"menu_order":0,"comment_status":"closed","ping_status":"closed","template":"","meta":{"footnotes":""},"class_list":["post-81","page","type-page","status-publish","hentry"],"_links":{"self":[{"href":"https:\/\/robottond-autoporte.ch\/de\/wp-json\/wp\/v2\/pages\/81","targetHints":{"allow":["GET"]}}],"collection":[{"href":"https:\/\/robottond-autoporte.ch\/de\/wp-json\/wp\/v2\/pages"}],"about":[{"href":"https:\/\/robottond-autoporte.ch\/de\/wp-json\/wp\/v2\/types\/page"}],"author":[{"embeddable":true,"href":"https:\/\/robottond-autoporte.ch\/de\/wp-json\/wp\/v2\/users\/1"}],"replies":[{"embeddable":true,"href":"https:\/\/robottond-autoporte.ch\/de\/wp-json\/wp\/v2\/comments?post=81"}],"version-history":[{"count":16,"href":"https:\/\/robottond-autoporte.ch\/de\/wp-json\/wp\/v2\/pages\/81\/revisions"}],"predecessor-version":[{"id":3507,"href":"https:\/\/robottond-autoporte.ch\/de\/wp-json\/wp\/v2\/pages\/81\/revisions\/3507"}],"wp:attachment":[{"href":"https:\/\/robottond-autoporte.ch\/de\/wp-json\/wp\/v2\/media?parent=81"}],"curies":[{"name":"wp","href":"https:\/\/api.w.org\/{rel}","templated":true}]}}