{"id":1702,"date":"2026-02-11T02:26:55","date_gmt":"2026-02-11T01:26:55","guid":{"rendered":"https:\/\/robot-tonde-aspir.ch\/?page_id=1702"},"modified":"2026-03-29T12:05:19","modified_gmt":"2026-03-29T12:05:19","slug":"paiement-securise","status":"publish","type":"page","link":"https:\/\/robottond-autoporte.ch\/de\/paiement-securise\/","title":{"rendered":"Paiement s\u00e9curis\u00e9"},"content":{"rendered":"<p>S\u00e9curit\u00e9 des transactions<\/p>\n\n\n\n<p><br>Chez Ramotra GmbH, la s\u00e9curit\u00e9 de vos paiements est une priorit\u00e9 absolue.<br>Toutes les transactions sont prot\u00e9g\u00e9es par un chiffrement SSL (HTTPS).<br>Vos donn\u00e9es sont crypt\u00e9es et ne peuvent pas \u00eatre intercept\u00e9es.<br>Nous ne stockons jamais vos coordonn\u00e9es bancaires.<\/p>\n\n\n\n<p><br>Moyens de paiement<\/p>\n\n\n\n<p><br>Selon les options disponibles lors du passage en caisse, vous pouvez r\u00e9gler votre commande par :<br>Carte bancaire (Visa \/ Mastercard)<br>Virement bancaire<br>Autres moyens affich\u00e9s lors du paiement<br>Le paiement est trait\u00e9 par des prestataires certifi\u00e9s respectant les normes de s\u00e9curit\u00e9 europ\u00e9ennes et suisses.<\/p>\n\n\n\n<p><br>Protection acheteur<\/p>\n\n\n\n<p><br>Lorsque vous passez commande sur notre site :<br>vos informations sont prot\u00e9g\u00e9es<br>le paiement est v\u00e9rifi\u00e9<br>la commande est confirm\u00e9e par email<br>un suivi vous est communiqu\u00e9<br>Vous \u00eates donc garanti de pouvoir suivre votre achat du paiement jusqu\u2019\u00e0 la livraison.<\/p>\n\n\n\n<p><br>Validation de la commande<\/p>\n\n\n\n<p><br>Apr\u00e8s paiement vous recevez automatiquement :<br>un email de confirmation<br>un email d\u2019exp\u00e9dition<br>le suivi du colis<br>Si vous ne recevez rien, contactez-nous imm\u00e9diatement.<\/p>\n\n\n\n<p><br>Assistance<\/p>\n\n\n\n<p><br>Pour toute question concernant un paiement :<br>\ud83d\udce7 contact@robottond-autoporte.ch<br><br>Ramotra GmbH<br>Leimenstrasse 9 2540 Grenchen \u2014 Suisse<\/p>\n\n\n\n<p><\/p>","protected":false},"excerpt":{"rendered":"<p>S\u00e9curit\u00e9 des transactions Chez Ramotra GmbH, la s\u00e9curit\u00e9 de vos paiements est une priorit\u00e9 absolue.Toutes les transactions sont prot\u00e9g\u00e9es par<\/p>","protected":false},"author":1,"featured_media":0,"parent":0,"menu_order":0,"comment_status":"closed","ping_status":"closed","template":"","meta":{"footnotes":""},"class_list":["post-1702","page","type-page","status-publish","hentry"],"_links":{"self":[{"href":"https:\/\/robottond-autoporte.ch\/de\/wp-json\/wp\/v2\/pages\/1702","targetHints":{"allow":["GET"]}}],"collection":[{"href":"https:\/\/robottond-autoporte.ch\/de\/wp-json\/wp\/v2\/pages"}],"about":[{"href":"https:\/\/robottond-autoporte.ch\/de\/wp-json\/wp\/v2\/types\/page"}],"author":[{"embeddable":true,"href":"https:\/\/robottond-autoporte.ch\/de\/wp-json\/wp\/v2\/users\/1"}],"replies":[{"embeddable":true,"href":"https:\/\/robottond-autoporte.ch\/de\/wp-json\/wp\/v2\/comments?post=1702"}],"version-history":[{"count":1,"href":"https:\/\/robottond-autoporte.ch\/de\/wp-json\/wp\/v2\/pages\/1702\/revisions"}],"predecessor-version":[{"id":3520,"href":"https:\/\/robottond-autoporte.ch\/de\/wp-json\/wp\/v2\/pages\/1702\/revisions\/3520"}],"wp:attachment":[{"href":"https:\/\/robottond-autoporte.ch\/de\/wp-json\/wp\/v2\/media?parent=1702"}],"curies":[{"name":"wp","href":"https:\/\/api.w.org\/{rel}","templated":true}]}}