{"id":1690,"date":"2026-02-11T01:02:03","date_gmt":"2026-02-11T00:02:03","guid":{"rendered":"https:\/\/robot-tonde-aspir.ch\/?page_id=1690"},"modified":"2026-03-29T12:08:34","modified_gmt":"2026-03-29T12:08:34","slug":"suivre-ma-commande","status":"publish","type":"page","link":"https:\/\/robottond-autoporte.ch\/de\/suivre-ma-commande\/","title":{"rendered":"Suivre ma commande\u00a0"},"content":{"rendered":"<p>O\u00f9 trouver le suivi ?<\/p>\n\n\n\n<p><br>Apr\u00e8s la validation de votre commande sur Robot-Tonde-Aspir, vous recevez automatiquement :<br>Un e-mail de confirmation de commande<br>Un e-mail d\u2019exp\u00e9dition contenant votre num\u00e9ro de suivi<br>Ce num\u00e9ro vous permet de suivre votre colis en temps r\u00e9el jusqu\u2019\u00e0 la livraison.<\/p>\n\n\n\n<p><br>Je n\u2019ai pas re\u00e7u mon suivi<\/p>\n\n\n\n<p>V\u00e9rifiez d\u2019abord :<br>le dossier Spam \/ Ind\u00e9sirable<br>l\u2019adresse e-mail utilis\u00e9e lors de la commande<br>l\u2019\u00e9tat de la commande dans votre compte client<br>Si vous ne trouvez toujours pas votre suivi, contactez-nous.<\/p>\n\n\n\n<p><br>D\u00e9lais de livraison<br>Les commandes sont g\u00e9n\u00e9ralement trait\u00e9es sous 24 \u00e0 72 heures ouvr\u00e9es apr\u00e8s validation du paiement.<br>Ensuite le transporteur livre habituellement sous 2 \u00e0 7 jours ouvr\u00e9s selon la destination.<\/p>\n\n\n\n<p><br>Probl\u00e8me de livraison<br>Si votre colis est :<br>en retard<br>indiqu\u00e9 livr\u00e9 mais non re\u00e7u<br>endommag\u00e9<br>Contactez-nous rapidement avec votre num\u00e9ro de commande.<\/p>\n\n\n\n<p><br>Assistance<br>\ud83d\udce7 contact@robottond-autoporte.ch<br>Ramotra GmbH<br>Leimenstrasse 9 2540 Grenchen \u2014 Suisse<\/p>\n\n\n\n<p><\/p>","protected":false},"excerpt":{"rendered":"<p>O\u00f9 trouver le suivi ? Apr\u00e8s la validation de votre commande sur Robot-Tonde-Aspir, vous recevez automatiquement :Un e-mail de confirmation<\/p>","protected":false},"author":1,"featured_media":0,"parent":0,"menu_order":0,"comment_status":"closed","ping_status":"closed","template":"","meta":{"footnotes":""},"class_list":["post-1690","page","type-page","status-publish","hentry"],"_links":{"self":[{"href":"https:\/\/robottond-autoporte.ch\/de\/wp-json\/wp\/v2\/pages\/1690","targetHints":{"allow":["GET"]}}],"collection":[{"href":"https:\/\/robottond-autoporte.ch\/de\/wp-json\/wp\/v2\/pages"}],"about":[{"href":"https:\/\/robottond-autoporte.ch\/de\/wp-json\/wp\/v2\/types\/page"}],"author":[{"embeddable":true,"href":"https:\/\/robottond-autoporte.ch\/de\/wp-json\/wp\/v2\/users\/1"}],"replies":[{"embeddable":true,"href":"https:\/\/robottond-autoporte.ch\/de\/wp-json\/wp\/v2\/comments?post=1690"}],"version-history":[{"count":1,"href":"https:\/\/robottond-autoporte.ch\/de\/wp-json\/wp\/v2\/pages\/1690\/revisions"}],"predecessor-version":[{"id":3522,"href":"https:\/\/robottond-autoporte.ch\/de\/wp-json\/wp\/v2\/pages\/1690\/revisions\/3522"}],"wp:attachment":[{"href":"https:\/\/robottond-autoporte.ch\/de\/wp-json\/wp\/v2\/media?parent=1690"}],"curies":[{"name":"wp","href":"https:\/\/api.w.org\/{rel}","templated":true}]}}